{"id":17326,"date":"2020-06-17T20:18:32","date_gmt":"2020-06-17T20:18:32","guid":{"rendered":"https:\/\/wefreelancer.in\/love\/thechairgy\/?post_type=product&#038;p=17326"},"modified":"2023-10-29T08:12:56","modified_gmt":"2023-10-29T08:12:56","slug":"essense-of-australia-d2748","status":"publish","type":"product","link":"https:\/\/wefreelancer.in\/love\/thechairgy\/shop\/shop\/stile\/klassik\/essense-of-australia-d2748\/","title":{"rendered":"Essense of Australia D2748"},"content":{"rendered":"<div>\n<h2>Traumhaft sch\u00f6nes Modell mit Spitze<\/h2>\n<p>Mit dem Kleid Essense of Australia D2748 in A-Linie wird dein Gang zum Altar unvergesslich.<\/p>\n<p>Dieses Kleid ist \u00e4rmelfrei und sorgt f\u00fcr ein schickes und unwiderstehliches Auftreten.<\/p>\n<p>Das Besondere an dem Modell sind die Cutouts in V-Form, die dir ein bet\u00f6rendes Erscheinungsbild verleihen. <\/p>\n<p>Sinnlich und bezaubernd: das Kleid Essense of Australiud D2748 der Kollektion Essence of Australia zieht alle Blick auf dich. <\/p>\n<p>Sich wie Cinderella f\u00fchlen: Genau das bietet das klassische Modell in A-Linie mit V-Ausschnitt, welches durch seinen prinzessinnenhaften Look begeistert. <\/p>\n<p>Ein bezauberndes Dress mit langer Schleppe &#8211; wie eine Prinzessin.<\/p>\n<p><span>Mit dem Rock aus T\u00fcll kannst du dich durch das elegante Material nicht nur frei bewegen, sondern du hinterl\u00e4sst auch einen unvergesslichen Eindruck f\u00fcr diesen ganz besonderen Tag. Die Blumen aus Spitze sind ein zus\u00e4tzliches Highlight.<\/span><\/p>\n<p><span>Dieses m\u00e4rchenhafte Kleid ist gut geeignet, wenn du ein mittleres Budget f\u00fcr dein Hochzeitskleid zur Verf\u00fcgung hast. Beachte bitte, dass wir den finalen Preis des Kleides bei uns im Gesch\u00e4ft angeben. <\/span><\/p>\n<p>Essense of Australia setzt dich in Szene und l\u00e4sst dich den ganzen Festtag im besonderen Glanz erstrahlen. <\/p>\n<\/div>\n","protected":false},"excerpt":{"rendered":"<p>Essense of Australia Brautkleid D2748 mit traumhaft-floralen Details<\/p>\n","protected":false},"featured_media":17327,"template":"","meta":[],"product_brand":[],"product_cat":[397,393,370,371,333,394],"product_tag":[569,338,372,557,340,373,400,551,374,552,558,570,342,407,375,344,376,377,378,347,348,349,350,560,353,556,555,554],"class_list":{"0":"post-17326","1":"product","2":"type-product","3":"status-publish","4":"has-post-thumbnail","6":"product_cat-essense-of-australia","7":"product_cat-highlights","8":"product_cat-klassik","9":"product_cat-princess","10":"product_cat-sale","11":"product_cat-teaser-produkt","12":"product_tag-1000-2000e","13":"product_tag-a-linie","14":"product_tag-ausschnitt-v","15":"product_tag-ballkleid-princess","16":"product_tag-budget-1000-2000e","17":"product_tag-cutouts","18":"product_tag-essense-of-australia","19":"product_tag-frankfurt-am-main","20":"product_tag-klassik","21":"product_tag-koln-hurth","22":"product_tag-mittellange-schleppe","23":"product_tag-offen","24":"product_tag-ohne-armel","25":"product_tag-organza","26":"product_tag-princess","27":"product_tag-rucken-offen","28":"product_tag-rucken-tief","29":"product_tag-rucken-v-ausschnitt","30":"product_tag-schleppe-mittellang","31":"product_tag-shop-frankfurt-am-main","32":"product_tag-shop-koln-hurth","33":"product_tag-shop-wiesbaden","34":"product_tag-spitze","35":"product_tag-tief","36":"product_tag-tull","37":"product_tag-v-cutouts","38":"product_tag-v-ausschnitt","39":"product_tag-wiesbaden","41":"first","42":"instock","43":"sold-individually","44":"taxable","45":"shipping-taxable","46":"purchasable","47":"product-type-simple"},"brands":[],"_links":{"self":[{"href":"https:\/\/wefreelancer.in\/love\/thechairgy\/wp-json\/wp\/v2\/product\/17326","targetHints":{"allow":["GET"]}}],"collection":[{"href":"https:\/\/wefreelancer.in\/love\/thechairgy\/wp-json\/wp\/v2\/product"}],"about":[{"href":"https:\/\/wefreelancer.in\/love\/thechairgy\/wp-json\/wp\/v2\/types\/product"}],"wp:featuredmedia":[{"embeddable":true,"href":"https:\/\/wefreelancer.in\/love\/thechairgy\/wp-json\/wp\/v2\/media\/17327"}],"wp:attachment":[{"href":"https:\/\/wefreelancer.in\/love\/thechairgy\/wp-json\/wp\/v2\/media?parent=17326"}],"wp:term":[{"taxonomy":"product_brand","embeddable":true,"href":"https:\/\/wefreelancer.in\/love\/thechairgy\/wp-json\/wp\/v2\/product_brand?post=17326"},{"taxonomy":"product_cat","embeddable":true,"href":"https:\/\/wefreelancer.in\/love\/thechairgy\/wp-json\/wp\/v2\/product_cat?post=17326"},{"taxonomy":"product_tag","embeddable":true,"href":"https:\/\/wefreelancer.in\/love\/thechairgy\/wp-json\/wp\/v2\/product_tag?post=17326"}],"curies":[{"name":"wp","href":"https:\/\/api.w.org\/{rel}","templated":true}]}}