{"id":17367,"date":"2020-06-17T20:18:36","date_gmt":"2020-06-17T20:18:36","guid":{"rendered":"https:\/\/wefreelancer.in\/love\/thechairgy\/?post_type=product&#038;p=17367"},"modified":"2023-10-29T08:13:31","modified_gmt":"2023-10-29T08:13:31","slug":"monica-loretti-abeli","status":"publish","type":"product","link":"https:\/\/wefreelancer.in\/love\/thechairgy\/shop\/shop\/stile\/boho\/monica-loretti-abeli\/","title":{"rendered":"Monica Loretti Abeli"},"content":{"rendered":"<div>\n<h2>Nat\u00fcrlich sch\u00f6n &#8211; Heiraten im Boho-Style<\/h2>\n<p>Wohlf\u00fchlen in A-Linie: das Kleid Monica Loretti Abeli hinterl\u00e4sst einen bleibenden Eindruck f\u00fcr den sch\u00f6nsten Festtag eures Lebens.<\/p>\n<p>Die Brautkleider-Marke aus Europa stellt dich in den Fokus und macht deinen Tag einzigartig. <\/p>\n<p>Mit der kurzen Schleppe bist du frei beweglich und kannst auf der Tanzfl\u00e4che richtig Gas geben.<\/p>\n<p>Unverf\u00e4lscht sch\u00f6n: Mit dem Boho-Style strahlst du Leichtigkeit und Anmut aus.<\/p>\n<p>Die V-Cutouts sind ein besonderes Merkmal des Modells, das dich an diesem unvergesslichen Tag begleitet. <\/p>\n<p>Dieses bezaubernde Modell ist ohne \u00c4rmel und bietet dir vollste Bewegungsfreiheit &#8211; mit einer bet\u00f6renden und feinen Note.<\/p>\n<p><span>Die dargestellen Preisangaben stellen unverbindliche Preisspannen dar. Endg\u00fcltige Endpreise geben wir aus Wettbewerbsgr\u00fcnden nur vor Ort im Gesch\u00e4ft an. F\u00fcr den bestm\u00f6glichen Service weisen wir darauf hin, dass die Artikel nicht online gekauft werden k\u00f6nnen, sondern ausschlie\u00dflich vor Ort in unseren Gesch\u00e4ften.<\/span><\/p>\n<p>Der Chiffon-Rock verschafft dir ein angenehmes Tragegef\u00fchl.<\/p>\n<p>Wir sorgen mit dem Kleid der Marke Monica Loretti f\u00fcr ein \u00fcberw\u00e4ltigendes Erlebnis &#8211; f\u00fcr einen Moment, der ewig w\u00e4hrt. <\/p>\n<\/div>\n","protected":false},"excerpt":{"rendered":"<p>Monica Loretti Brautkleid Abeli: Vintage trifft auf Boho<\/p>\n","protected":false},"featured_media":17368,"template":"","meta":[],"product_brand":[],"product_cat":[337,428],"product_tag":[569,338,550,419,339,443,551,552,549,575,342,560,556,555,554],"class_list":{"0":"post-17367","1":"product","2":"type-product","3":"status-publish","4":"has-post-thumbnail","6":"product_cat-boho","7":"product_cat-monica-loretti","8":"product_tag-1000-2000e","9":"product_tag-a-linie","10":"product_tag-berlin-schonefeld","11":"product_tag-boho","12":"product_tag-boho-vintage","13":"product_tag-chiffon","14":"product_tag-frankfurt-am-main","15":"product_tag-koln-hurth","16":"product_tag-kurze-schleppe","17":"product_tag-monica-loretti","18":"product_tag-ohne-armel","19":"product_tag-tief","20":"product_tag-v-cutouts","21":"product_tag-v-ausschnitt","22":"product_tag-wiesbaden","24":"first","25":"outofstock","26":"sold-individually","27":"taxable","28":"shipping-taxable","29":"purchasable","30":"product-type-simple"},"brands":[],"_links":{"self":[{"href":"https:\/\/wefreelancer.in\/love\/thechairgy\/wp-json\/wp\/v2\/product\/17367","targetHints":{"allow":["GET"]}}],"collection":[{"href":"https:\/\/wefreelancer.in\/love\/thechairgy\/wp-json\/wp\/v2\/product"}],"about":[{"href":"https:\/\/wefreelancer.in\/love\/thechairgy\/wp-json\/wp\/v2\/types\/product"}],"wp:featuredmedia":[{"embeddable":true,"href":"https:\/\/wefreelancer.in\/love\/thechairgy\/wp-json\/wp\/v2\/media\/17368"}],"wp:attachment":[{"href":"https:\/\/wefreelancer.in\/love\/thechairgy\/wp-json\/wp\/v2\/media?parent=17367"}],"wp:term":[{"taxonomy":"product_brand","embeddable":true,"href":"https:\/\/wefreelancer.in\/love\/thechairgy\/wp-json\/wp\/v2\/product_brand?post=17367"},{"taxonomy":"product_cat","embeddable":true,"href":"https:\/\/wefreelancer.in\/love\/thechairgy\/wp-json\/wp\/v2\/product_cat?post=17367"},{"taxonomy":"product_tag","embeddable":true,"href":"https:\/\/wefreelancer.in\/love\/thechairgy\/wp-json\/wp\/v2\/product_tag?post=17367"}],"curies":[{"name":"wp","href":"https:\/\/api.w.org\/{rel}","templated":true}]}}