{"id":17382,"date":"2020-06-17T20:18:39","date_gmt":"2020-06-17T20:18:39","guid":{"rendered":"https:\/\/wefreelancer.in\/love\/thechairgy\/?post_type=product&#038;p=17382"},"modified":"2023-10-29T08:13:41","modified_gmt":"2023-10-29T08:13:41","slug":"daniela-di-marino-graciana","status":"publish","type":"product","link":"https:\/\/wefreelancer.in\/love\/thechairgy\/shop\/shop\/stile\/boho\/daniela-di-marino-graciana\/","title":{"rendered":"Daniela di Marino Graciana"},"content":{"rendered":"<div>\n<h2>Ein Traum im Boho-Style<\/h2>\n<p>Wohlf\u00fchlen in A-Linie: das Kleid Daniela di Marino Graciana hinterl\u00e4sst einen bleibenden Eindruck f\u00fcr den sch\u00f6nsten Festtag eures Lebens.<\/p>\n<p>Diese Marke r\u00fcckt dich in den Mittelpunkt. Mit den feinen Elementen und der hochwertigen Beschaffenheit ist auf dieses Modell Verlass, sodass du dich einfach fallen lassen kannst. <\/p>\n<p>Grazi\u00f6s und anmutig hinterl\u00e4sst die lange Schleppe eine ganz besondere Wirkung. <\/p>\n<p>Authentisch sch\u00f6n: Mit dem Boho-Style strahlst du Leichtigkeit und Anmut aus.<\/p>\n<p>Das Besondere an dem Kleid sind die Cutouts in V-Form, die dir einen bet\u00f6renden Look verleihen. <\/p>\n<p>Besonders anziehend wirkt das Modell durch den \u00e4rmelfreien Schnitt, sodass du dich unbeschwert und offen bewegen kannst.<\/p>\n<p><span>Dieses edle Kleid ist genau das Richtige, wenn dir ein mittleres Budget zur Verf\u00fcgung steht. Aufgrund der Wettbewerber vergeben wir endg\u00fcltige Endpreise ausschlie\u00dflich vor Ort im Gesch\u00e4ft.<\/span><\/p>\n<p>Wir sorgen mit dem Modell der Marke Daniela di Marino f\u00fcr ein \u00fcberragendes Erlebnis &#8211; f\u00fcr einen Moment, der f\u00fcr immer w\u00e4hrt. <\/p>\n<\/div>\n","protected":false},"excerpt":{"rendered":"<p>Designer Brautkleid Daniela di Marino Graciana: A-Linie mit glitzerndem T\u00fcll und lieblichen Schulter-Schleifen<\/p>\n","protected":false},"featured_media":17383,"template":"","meta":[],"product_brand":[],"product_cat":[337,432,371],"product_tag":[569,338,422,557,550,419,339,434,435,551,387,552,565,342,375,436,437,564,560,353,572,556,555,554],"class_list":{"0":"post-17382","1":"product","2":"type-product","3":"status-publish","4":"has-post-thumbnail","6":"product_cat-boho","7":"product_cat-daniela-di-marino","8":"product_cat-princess","9":"product_tag-1000-2000e","10":"product_tag-a-linie","11":"product_tag-armelchen","12":"product_tag-ballkleid-princess","13":"product_tag-berlin-schonefeld","14":"product_tag-boho","15":"product_tag-boho-vintage","16":"product_tag-daniela-di-marino","17":"product_tag-floral","18":"product_tag-frankfurt-am-main","19":"product_tag-glitzer","20":"product_tag-koln-hurth","21":"product_tag-lange-schleppe","22":"product_tag-ohne-armel","23":"product_tag-princess","24":"product_tag-romantik","25":"product_tag-rosa","26":"product_tag-tattoo-effekt","27":"product_tag-tief","28":"product_tag-tull","29":"product_tag-u-ausschnitt","30":"product_tag-v-cutouts","31":"product_tag-v-ausschnitt","32":"product_tag-wiesbaden","34":"first","35":"outofstock","36":"sold-individually","37":"taxable","38":"shipping-taxable","39":"purchasable","40":"product-type-simple"},"brands":[],"_links":{"self":[{"href":"https:\/\/wefreelancer.in\/love\/thechairgy\/wp-json\/wp\/v2\/product\/17382","targetHints":{"allow":["GET"]}}],"collection":[{"href":"https:\/\/wefreelancer.in\/love\/thechairgy\/wp-json\/wp\/v2\/product"}],"about":[{"href":"https:\/\/wefreelancer.in\/love\/thechairgy\/wp-json\/wp\/v2\/types\/product"}],"wp:featuredmedia":[{"embeddable":true,"href":"https:\/\/wefreelancer.in\/love\/thechairgy\/wp-json\/wp\/v2\/media\/17383"}],"wp:attachment":[{"href":"https:\/\/wefreelancer.in\/love\/thechairgy\/wp-json\/wp\/v2\/media?parent=17382"}],"wp:term":[{"taxonomy":"product_brand","embeddable":true,"href":"https:\/\/wefreelancer.in\/love\/thechairgy\/wp-json\/wp\/v2\/product_brand?post=17382"},{"taxonomy":"product_cat","embeddable":true,"href":"https:\/\/wefreelancer.in\/love\/thechairgy\/wp-json\/wp\/v2\/product_cat?post=17382"},{"taxonomy":"product_tag","embeddable":true,"href":"https:\/\/wefreelancer.in\/love\/thechairgy\/wp-json\/wp\/v2\/product_tag?post=17382"}],"curies":[{"name":"wp","href":"https:\/\/api.w.org\/{rel}","templated":true}]}}