{"id":17428,"date":"2020-06-17T20:19:27","date_gmt":"2020-06-17T20:19:27","guid":{"rendered":"https:\/\/wefreelancer.in\/love\/thechairgy\/?post_type=product&#038;p=17428"},"modified":"2023-10-29T08:14:20","modified_gmt":"2023-10-29T08:14:20","slug":"stella-york-6701-plus-size","status":"publish","type":"product","link":"https:\/\/wefreelancer.in\/love\/thechairgy\/shop\/shop\/stile\/plus-size\/stella-york-6701-plus-size\/","title":{"rendered":"Stella York 6701 Plus Size"},"content":{"rendered":"<div>\n<h2>Unvergleichlich sch\u00f6nes Kleid mit Spitze<\/h2>\n<p>Dieses Hochzeitskleid Stella York 6701 Plus Size besticht durch seine Eleganz und seinem malerischen Look. <\/p>\n<p><span>Mit dem Rock aus T\u00fcll kannst du dich durch das sanfte Material nicht nur frei bewegen, sondern du hinterl\u00e4sst auch einen unvergesslichen Eindruck f\u00fcr diesen ganz besonderen Festtag. Die Blumen aus Spitze sind ein zus\u00e4tzliches Highlight.<\/span><\/p>\n<p><\/span><\/p>\n<p>Dieses Modell ist \u00e4rmelfrei und sorgt f\u00fcr ein elegantes und unwiderstehliches Auftreten.<\/p>\n<p>Die Marke Stella York besticht durch ihre zauberhaften und sehr anmutigen Kleider mit dem gewissen Etwas.<\/p>\n<p><span>Die dargestellen Preisangaben stellen unverbindliche Preisspannen dar. Finale Endpreise geben wir aus Wettbewerbsgr\u00fcnden nur vor Ort im Gesch\u00e4ft an. F\u00fcr den bestm\u00f6glichen Service weisen wir darauf hin, dass die Artikel nicht online gekauft werden k\u00f6nnen, sondern ausschlie\u00dflich vor Ort in unseren Gesch\u00e4ften.<\/span><\/p>\n<p>Stella York setzt dich in Szene und l\u00e4sst dich den ganzen Tag im besonderen Licht erstrahlen. <\/p>\n<\/div>\n","protected":false},"excerpt":{"rendered":"<p>Stella York 6701 Plus Size<\/p>\n","protected":false},"featured_media":17429,"template":"","meta":[],"product_brand":[],"product_cat":[440,333,335],"product_tag":[569,338,557,419,340,551,341,574,552,342,547,407,446,375,395,376,377,347,348,349,350,351,560,353,555,554],"class_list":{"0":"post-17428","1":"product","2":"type-product","3":"status-publish","4":"has-post-thumbnail","6":"product_cat-plus-size","7":"product_cat-sale","8":"product_cat-stella-york","9":"product_tag-1000-2000e","10":"product_tag-a-linie","11":"product_tag-ballkleid-princess","12":"product_tag-boho","13":"product_tag-budget-1000-2000e","14":"product_tag-frankfurt-am-main","15":"product_tag-herz-ausschnitt","16":"product_tag-herzform","17":"product_tag-koln-hurth","18":"product_tag-ohne-armel","19":"product_tag-ohne-cutouts","20":"product_tag-organza","21":"product_tag-plus-size","22":"product_tag-princess","23":"product_tag-rucken-boho-vintage","24":"product_tag-rucken-tief","25":"product_tag-rucken-v-ausschnitt","26":"product_tag-shop-frankfurt-am-main","27":"product_tag-shop-koln-hurth","28":"product_tag-shop-wiesbaden","29":"product_tag-spitze","30":"product_tag-stella-york","31":"product_tag-tief","32":"product_tag-tull","33":"product_tag-v-ausschnitt","34":"product_tag-wiesbaden","36":"first","37":"instock","38":"sold-individually","39":"taxable","40":"shipping-taxable","41":"purchasable","42":"product-type-simple"},"brands":[],"_links":{"self":[{"href":"https:\/\/wefreelancer.in\/love\/thechairgy\/wp-json\/wp\/v2\/product\/17428","targetHints":{"allow":["GET"]}}],"collection":[{"href":"https:\/\/wefreelancer.in\/love\/thechairgy\/wp-json\/wp\/v2\/product"}],"about":[{"href":"https:\/\/wefreelancer.in\/love\/thechairgy\/wp-json\/wp\/v2\/types\/product"}],"wp:featuredmedia":[{"embeddable":true,"href":"https:\/\/wefreelancer.in\/love\/thechairgy\/wp-json\/wp\/v2\/media\/17429"}],"wp:attachment":[{"href":"https:\/\/wefreelancer.in\/love\/thechairgy\/wp-json\/wp\/v2\/media?parent=17428"}],"wp:term":[{"taxonomy":"product_brand","embeddable":true,"href":"https:\/\/wefreelancer.in\/love\/thechairgy\/wp-json\/wp\/v2\/product_brand?post=17428"},{"taxonomy":"product_cat","embeddable":true,"href":"https:\/\/wefreelancer.in\/love\/thechairgy\/wp-json\/wp\/v2\/product_cat?post=17428"},{"taxonomy":"product_tag","embeddable":true,"href":"https:\/\/wefreelancer.in\/love\/thechairgy\/wp-json\/wp\/v2\/product_tag?post=17428"}],"curies":[{"name":"wp","href":"https:\/\/api.w.org\/{rel}","templated":true}]}}