{"id":17433,"date":"2020-06-17T20:19:27","date_gmt":"2020-06-17T20:19:27","guid":{"rendered":"https:\/\/wefreelancer.in\/love\/thechairgy\/?post_type=product&#038;p=17433"},"modified":"2023-10-29T08:14:22","modified_gmt":"2023-10-29T08:14:22","slug":"stella-york-6718-plus-size","status":"publish","type":"product","link":"https:\/\/wefreelancer.in\/love\/thechairgy\/shop\/shop\/stile\/plus-size\/stella-york-6718-plus-size\/","title":{"rendered":"Stella York 6718 Plus Size"},"content":{"rendered":"<div>\n<h2>Himmlisch sch\u00f6nes Kleid mit Spitze<\/h2>\n<p>F\u00fcr deinen gro\u00dfen und glamour\u00f6sen Auftritt mit dem Kleid Stella York 6718 Plus Size der Kollektion Stella York. <\/p>\n<p>Mit der feinen Blumen-Spitze und dem eleganten T\u00fcll-Rock bist du der Blickfang des ganzen wunderbaren Tages.<\/p>\n<\/p>\n<p>Dieses Modell ist \u00e4rmelfrei und sorgt f\u00fcr ein schickes und unwiderstehliches Auftreten.<\/p>\n<p>Stella York ist die Kollektion f\u00fcr das gewisse Etwas. Denn neben Eleganz und der edlen Verarbeitung ist stets eine feine Nuance dabei, die deinen Auftritt unvergesslich werden l\u00e4sst. <\/p>\n<p><span>Dieses hochklassige Modell ist genau das Richtige, wenn dir ein mittleres Budget zur Verf\u00fcgung steht. Aufgrund der Wettbewerber vergeben wir endg\u00fcltige Endpreise ausschlie\u00dflich vor Ort im Gesch\u00e4ft.<\/span><\/p>\n<p>Stella York setzt dich in Szene und l\u00e4sst dich den ganzen Festtag im besonderen Licht erstrahlen. <\/p>\n<\/div>\n","protected":false},"excerpt":{"rendered":"<p>Stella York 6718 Plus Size<\/p>\n","protected":false},"featured_media":17434,"template":"","meta":[],"product_brand":[],"product_cat":[393,440,333,335,394],"product_tag":[569,338,557,419,340,551,341,574,552,342,547,407,446,375,395,376,377,347,348,349,350,351,560,353,555,554],"class_list":{"0":"post-17433","1":"product","2":"type-product","3":"status-publish","4":"has-post-thumbnail","6":"product_cat-highlights","7":"product_cat-plus-size","8":"product_cat-sale","9":"product_cat-stella-york","10":"product_cat-teaser-produkt","11":"product_tag-1000-2000e","12":"product_tag-a-linie","13":"product_tag-ballkleid-princess","14":"product_tag-boho","15":"product_tag-budget-1000-2000e","16":"product_tag-frankfurt-am-main","17":"product_tag-herz-ausschnitt","18":"product_tag-herzform","19":"product_tag-koln-hurth","20":"product_tag-ohne-armel","21":"product_tag-ohne-cutouts","22":"product_tag-organza","23":"product_tag-plus-size","24":"product_tag-princess","25":"product_tag-rucken-boho-vintage","26":"product_tag-rucken-tief","27":"product_tag-rucken-v-ausschnitt","28":"product_tag-shop-frankfurt-am-main","29":"product_tag-shop-koln-hurth","30":"product_tag-shop-wiesbaden","31":"product_tag-spitze","32":"product_tag-stella-york","33":"product_tag-tief","34":"product_tag-tull","35":"product_tag-v-ausschnitt","36":"product_tag-wiesbaden","38":"first","39":"instock","40":"sold-individually","41":"taxable","42":"shipping-taxable","43":"purchasable","44":"product-type-simple"},"brands":[],"_links":{"self":[{"href":"https:\/\/wefreelancer.in\/love\/thechairgy\/wp-json\/wp\/v2\/product\/17433","targetHints":{"allow":["GET"]}}],"collection":[{"href":"https:\/\/wefreelancer.in\/love\/thechairgy\/wp-json\/wp\/v2\/product"}],"about":[{"href":"https:\/\/wefreelancer.in\/love\/thechairgy\/wp-json\/wp\/v2\/types\/product"}],"wp:featuredmedia":[{"embeddable":true,"href":"https:\/\/wefreelancer.in\/love\/thechairgy\/wp-json\/wp\/v2\/media\/17434"}],"wp:attachment":[{"href":"https:\/\/wefreelancer.in\/love\/thechairgy\/wp-json\/wp\/v2\/media?parent=17433"}],"wp:term":[{"taxonomy":"product_brand","embeddable":true,"href":"https:\/\/wefreelancer.in\/love\/thechairgy\/wp-json\/wp\/v2\/product_brand?post=17433"},{"taxonomy":"product_cat","embeddable":true,"href":"https:\/\/wefreelancer.in\/love\/thechairgy\/wp-json\/wp\/v2\/product_cat?post=17433"},{"taxonomy":"product_tag","embeddable":true,"href":"https:\/\/wefreelancer.in\/love\/thechairgy\/wp-json\/wp\/v2\/product_tag?post=17433"}],"curies":[{"name":"wp","href":"https:\/\/api.w.org\/{rel}","templated":true}]}}