{"id":17503,"date":"2020-06-17T20:19:43","date_gmt":"2020-06-17T20:19:43","guid":{"rendered":"https:\/\/wefreelancer.in\/love\/thechairgy\/?post_type=product&#038;p=17503"},"modified":"2023-10-29T08:15:18","modified_gmt":"2023-10-29T08:15:18","slug":"essense-of-australia-d2810-plus-size","status":"publish","type":"product","link":"https:\/\/wefreelancer.in\/love\/thechairgy\/shop\/shop\/stile\/plus-size\/essense-of-australia-d2810-plus-size\/","title":{"rendered":"Essense of Australia D2810 Plus Size"},"content":{"rendered":"<div>\n<h2>Himmlisch sch\u00f6nes Modell mit Spitze<\/h2>\n<p>Mit dem Kleid Essense of Australia D2810 Plus Size in A-Linie wird dein Gang zum Hochzeitsaltar unvergesslich.<\/p>\n<p>Dieses bezaubernde Kleid ist ohne \u00c4rmel und bietet dir vollste Bewegungsfreiheit &#8211; mit einer reizvollen und anmutigen Note.<\/p>\n<p>Die V-Cutouts sind ein besonderes Merkmal des Kleides, das dich an diesem unvergesslichen Festtag begleitet. <\/p>\n<p>Das Hochzeitskleid aus dem Hause Essense of Australia umschmeichelt dich mit besonderem Liebreiz. Strahle wie ein funkelnder Stern am Horizont f\u00fcr Deinen Liebsten!<\/p>\n<p>Die Schleppe ist kurz und sorgt so f\u00fcr eine angenehme und freie Bewegung zu jedem Augenblick.<\/p>\n<p>Das Modell aus luxuri\u00f6sem Mikado-Stoff macht dich zu einer wundersch\u00f6nen Braut. Das langlebigen Stoff-Material und die wertige Verarbeitung machen alles mit, was der besondere Tag so mit sich bringen kann. <\/p>\n<p><span>Die dargestellen Preisangaben stellen unverbindliche Preisspannen dar. Endg\u00fcltige Endpreise geben wir aus Wettbewerbsgr\u00fcnden nur vor Ort im Gesch\u00e4ft an. F\u00fcr den bestm\u00f6glichen Service weisen wir darauf hin, dass die Artikel nicht online gekauft werden k\u00f6nnen, sondern ausschlie\u00dflich vor Ort in unseren Gesch\u00e4ften.<\/span><\/p>\n<p>Wir sorgen mit dem Modell der Marke Essense of Australia f\u00fcr ein gro\u00dfartiges Erlebnis &#8211; f\u00fcr einen Moment, der ewig w\u00e4hrt. <\/p>\n<\/div>\n","protected":false},"excerpt":{"rendered":"<p>Essense of Australia D2810 Plus Size<\/p>\n","protected":false},"featured_media":17504,"template":"","meta":[],"product_brand":[],"product_cat":[397,393,440,333,394],"product_tag":[569,338,557,340,373,400,551,341,574,552,549,472,342,446,375,376,469,346,347,348,349,350,560,353,572,556,554],"class_list":{"0":"post-17503","1":"product","2":"type-product","3":"status-publish","4":"has-post-thumbnail","6":"product_cat-essense-of-australia","7":"product_cat-highlights","8":"product_cat-plus-size","9":"product_cat-sale","10":"product_cat-teaser-produkt","11":"product_tag-1000-2000e","12":"product_tag-a-linie","13":"product_tag-ballkleid-princess","14":"product_tag-budget-1000-2000e","15":"product_tag-cutouts","16":"product_tag-essense-of-australia","17":"product_tag-frankfurt-am-main","18":"product_tag-herz-ausschnitt","19":"product_tag-herzform","20":"product_tag-koln-hurth","21":"product_tag-kurze-schleppe","22":"product_tag-mikado","23":"product_tag-ohne-armel","24":"product_tag-plus-size","25":"product_tag-princess","26":"product_tag-rucken-tief","27":"product_tag-rucken-u-ausschnitt","28":"product_tag-schleppe-kurz","29":"product_tag-shop-frankfurt-am-main","30":"product_tag-shop-koln-hurth","31":"product_tag-shop-wiesbaden","32":"product_tag-spitze","33":"product_tag-tief","34":"product_tag-tull","35":"product_tag-u-ausschnitt","36":"product_tag-v-cutouts","37":"product_tag-wiesbaden","39":"first","40":"instock","41":"sold-individually","42":"taxable","43":"shipping-taxable","44":"purchasable","45":"product-type-simple"},"brands":[],"_links":{"self":[{"href":"https:\/\/wefreelancer.in\/love\/thechairgy\/wp-json\/wp\/v2\/product\/17503","targetHints":{"allow":["GET"]}}],"collection":[{"href":"https:\/\/wefreelancer.in\/love\/thechairgy\/wp-json\/wp\/v2\/product"}],"about":[{"href":"https:\/\/wefreelancer.in\/love\/thechairgy\/wp-json\/wp\/v2\/types\/product"}],"wp:featuredmedia":[{"embeddable":true,"href":"https:\/\/wefreelancer.in\/love\/thechairgy\/wp-json\/wp\/v2\/media\/17504"}],"wp:attachment":[{"href":"https:\/\/wefreelancer.in\/love\/thechairgy\/wp-json\/wp\/v2\/media?parent=17503"}],"wp:term":[{"taxonomy":"product_brand","embeddable":true,"href":"https:\/\/wefreelancer.in\/love\/thechairgy\/wp-json\/wp\/v2\/product_brand?post=17503"},{"taxonomy":"product_cat","embeddable":true,"href":"https:\/\/wefreelancer.in\/love\/thechairgy\/wp-json\/wp\/v2\/product_cat?post=17503"},{"taxonomy":"product_tag","embeddable":true,"href":"https:\/\/wefreelancer.in\/love\/thechairgy\/wp-json\/wp\/v2\/product_tag?post=17503"}],"curies":[{"name":"wp","href":"https:\/\/api.w.org\/{rel}","templated":true}]}}