{"id":17570,"date":"2020-06-17T20:20:10","date_gmt":"2020-06-17T20:20:10","guid":{"rendered":"https:\/\/wefreelancer.in\/love\/thechairgy\/?post_type=product&#038;p=17570"},"modified":"2023-10-29T08:16:12","modified_gmt":"2023-10-29T08:16:12","slug":"essense-of-australia-d2603-2","status":"publish","type":"product","link":"https:\/\/wefreelancer.in\/love\/thechairgy\/shop\/shop\/stile\/klassik\/essense-of-australia-d2603-2\/","title":{"rendered":"Essense of Australia D2603"},"content":{"rendered":"<div>\n<h2>Trau dich &#8211; mit dem Brautkleid in Spitze<\/h2>\n<p><span>Mit dem Kleid Essense of Australia D2603 zum Genie\u00dfen bleibt dein Hochzeitstag unvergesslich.<\/span><\/p>\n<p>Das Hochzeitskleid aus dem Hause Essense of Australia umschmeichelt dich mit besonderem Charme. Strahle wie ein funkelnder Stern am Horizont f\u00fcr Deinen Liebsten!<\/p>\n<p>Ein bezauberndes Dress mit langer Schleppe &#8211; wie eine Prinzessin.<\/p>\n<p>Dieser Ausschnitt im Carmen-Look entz\u00fcckt bei jeder B\u00fcstengr\u00f6\u00dfe.<\/p>\n<p><span>Dieses m\u00e4rchenhafte Kleid ist gut geeignet, wenn du ein mittleres Budget f\u00fcr dein Hochzeitskleid zur Verf\u00fcgung hast. Beachte bitte, dass wir den endg\u00fcltigen Preis des Modells bei uns im Gesch\u00e4ft angeben. <\/span><\/p>\n<p>Mit der feinen Blumen-Spitze und dem eleganten T\u00fcll-Rock bist du der Blickfang des ganzen wunderbaren Festtages.<\/p>\n<p>Essense of Australia setzt dich in Szene und l\u00e4sst dich den ganzen Tag im besonderen Licht erstrahlen. <\/p>\n<\/div>\n","protected":false},"excerpt":{"rendered":"<p>F\u00fcr Romantikerinnen: Essense of Australia Brautkleid D2603 mit wundersch\u00f6nen 3D-Blumen<\/p>\n","protected":false},"featured_media":17571,"template":"","meta":[],"product_brand":[],"product_cat":[397,370,371,333],"product_tag":[569,422,557,340,545,479,400,551,387,388,374,552,558,547,407,375,377,378,347,348,349,350,353,555,554],"class_list":{"0":"post-17570","1":"product","2":"type-product","3":"status-publish","4":"has-post-thumbnail","6":"product_cat-essense-of-australia","7":"product_cat-klassik","8":"product_cat-princess","9":"product_cat-sale","10":"product_tag-1000-2000e","11":"product_tag-armelchen","12":"product_tag-ballkleid-princess","13":"product_tag-budget-1000-2000e","14":"product_tag-carmen-u-boot","15":"product_tag-carmen-ausschnitt","16":"product_tag-essense-of-australia","17":"product_tag-frankfurt-am-main","18":"product_tag-glitzer","19":"product_tag-glitzer-tull","20":"product_tag-klassik","21":"product_tag-koln-hurth","22":"product_tag-mittellange-schleppe","23":"product_tag-ohne-cutouts","24":"product_tag-organza","25":"product_tag-princess","26":"product_tag-rucken-v-ausschnitt","27":"product_tag-schleppe-mittellang","28":"product_tag-shop-frankfurt-am-main","29":"product_tag-shop-koln-hurth","30":"product_tag-shop-wiesbaden","31":"product_tag-spitze","32":"product_tag-tull","33":"product_tag-v-ausschnitt","34":"product_tag-wiesbaden","36":"first","37":"instock","38":"sold-individually","39":"taxable","40":"shipping-taxable","41":"purchasable","42":"product-type-simple"},"brands":[],"_links":{"self":[{"href":"https:\/\/wefreelancer.in\/love\/thechairgy\/wp-json\/wp\/v2\/product\/17570","targetHints":{"allow":["GET"]}}],"collection":[{"href":"https:\/\/wefreelancer.in\/love\/thechairgy\/wp-json\/wp\/v2\/product"}],"about":[{"href":"https:\/\/wefreelancer.in\/love\/thechairgy\/wp-json\/wp\/v2\/types\/product"}],"wp:featuredmedia":[{"embeddable":true,"href":"https:\/\/wefreelancer.in\/love\/thechairgy\/wp-json\/wp\/v2\/media\/17571"}],"wp:attachment":[{"href":"https:\/\/wefreelancer.in\/love\/thechairgy\/wp-json\/wp\/v2\/media?parent=17570"}],"wp:term":[{"taxonomy":"product_brand","embeddable":true,"href":"https:\/\/wefreelancer.in\/love\/thechairgy\/wp-json\/wp\/v2\/product_brand?post=17570"},{"taxonomy":"product_cat","embeddable":true,"href":"https:\/\/wefreelancer.in\/love\/thechairgy\/wp-json\/wp\/v2\/product_cat?post=17570"},{"taxonomy":"product_tag","embeddable":true,"href":"https:\/\/wefreelancer.in\/love\/thechairgy\/wp-json\/wp\/v2\/product_tag?post=17570"}],"curies":[{"name":"wp","href":"https:\/\/api.w.org\/{rel}","templated":true}]}}