{"id":17635,"date":"2020-06-17T20:29:59","date_gmt":"2020-06-17T20:29:59","guid":{"rendered":"https:\/\/wefreelancer.in\/love\/thechairgy\/?post_type=product&#038;p=17635"},"modified":"2023-10-29T08:17:01","modified_gmt":"2023-10-29T08:17:01","slug":"essense-of-australia-d2846-2","status":"publish","type":"product","link":"https:\/\/wefreelancer.in\/love\/thechairgy\/shop\/shop\/stile\/boho\/essense-of-australia-d2846-2\/","title":{"rendered":"Essense of Australia D2846"},"content":{"rendered":"<div>\n<h2>Ein Traum im Boho-Style<\/h2>\n<p>Wohlf\u00fchlen in A-Linie: Das Kleid Essense of Australia D2846 hinterl\u00e4sst einen bleibenden Eindruck f\u00fcr den sch\u00f6nsten Festtag eures Lebens.<\/p>\n<p>Das Hochzeitskleid aus dem Hause Essense of Australia umschmeichelt dich mit besonderem Liebreiz. Strahle wie ein funkelnder Stern am Horizont f\u00fcr Deinen Liebsten!<\/p>\n<p>Mit dieser langen Schleppe wird dein Gang zum Altar DAS Highlight eures unvergesslichen Tages. <\/p>\n<p>Locker und doch edel: Boho ist ein von der Natur inspiriertes Erscheinungsbild, wie geschaffen f\u00fcr die topaktuelle und unabh\u00e4ngige Braut.<\/p>\n<p><span>Die dargestellen Preisangaben stellen unverbindliche Preisspannen dar. Endg\u00fcltige Endpreise geben wir aus Wettbewerbsgr\u00fcnden nur vor Ort im Gesch\u00e4ft an. F\u00fcr den bestm\u00f6glichen Service weisen wir darauf hin, dass die Artikel nicht online gekauft werden k\u00f6nnen, sondern ausschlie\u00dflich vor Ort in unseren Gesch\u00e4ften.<\/span><\/p>\n<p>Der Rock aus Chiffon f\u00fchlt sich angenehm an und tr\u00e4gt sich wie ein Hauch von Nichts. <\/p>\n<p>Essense of Australia setzt dich in Szene und l\u00e4sst dich den ganzen Tag im besonderen Licht erstrahlen. <\/p>\n<\/div>\n","protected":false},"excerpt":{"rendered":"<p>Lang\u00e4rmeliges Essense of Australia Brautkleid D2846 im charmanten Vintage-Style<\/p>\n","protected":false},"featured_media":17508,"template":"","meta":[],"product_brand":[],"product_cat":[337,397,370,333],"product_tag":[569,338,465,409,339,340,443,400,551,374,552,561,558,547,376,377,378,347,348,349,350,560,353,555,554],"class_list":{"0":"post-17635","1":"product","2":"type-product","3":"status-publish","4":"has-post-thumbnail","6":"product_cat-boho","7":"product_cat-essense-of-australia","8":"product_cat-klassik","9":"product_cat-sale","10":"product_tag-1000-2000e","11":"product_tag-a-linie","12":"product_tag-armel","13":"product_tag-ausschnitt-tief","14":"product_tag-boho-vintage","15":"product_tag-budget-1000-2000e","16":"product_tag-chiffon","17":"product_tag-essense-of-australia","18":"product_tag-frankfurt-am-main","19":"product_tag-klassik","20":"product_tag-koln-hurth","21":"product_tag-mit-armeln","22":"product_tag-mittellange-schleppe","23":"product_tag-ohne-cutouts","24":"product_tag-rucken-tief","25":"product_tag-rucken-v-ausschnitt","26":"product_tag-schleppe-mittellang","27":"product_tag-shop-frankfurt-am-main","28":"product_tag-shop-koln-hurth","29":"product_tag-shop-wiesbaden","30":"product_tag-spitze","31":"product_tag-tief","32":"product_tag-tull","33":"product_tag-v-ausschnitt","34":"product_tag-wiesbaden","36":"first","37":"instock","38":"sold-individually","39":"taxable","40":"shipping-taxable","41":"purchasable","42":"product-type-simple"},"brands":[],"_links":{"self":[{"href":"https:\/\/wefreelancer.in\/love\/thechairgy\/wp-json\/wp\/v2\/product\/17635","targetHints":{"allow":["GET"]}}],"collection":[{"href":"https:\/\/wefreelancer.in\/love\/thechairgy\/wp-json\/wp\/v2\/product"}],"about":[{"href":"https:\/\/wefreelancer.in\/love\/thechairgy\/wp-json\/wp\/v2\/types\/product"}],"wp:featuredmedia":[{"embeddable":true,"href":"https:\/\/wefreelancer.in\/love\/thechairgy\/wp-json\/wp\/v2\/media\/17508"}],"wp:attachment":[{"href":"https:\/\/wefreelancer.in\/love\/thechairgy\/wp-json\/wp\/v2\/media?parent=17635"}],"wp:term":[{"taxonomy":"product_brand","embeddable":true,"href":"https:\/\/wefreelancer.in\/love\/thechairgy\/wp-json\/wp\/v2\/product_brand?post=17635"},{"taxonomy":"product_cat","embeddable":true,"href":"https:\/\/wefreelancer.in\/love\/thechairgy\/wp-json\/wp\/v2\/product_cat?post=17635"},{"taxonomy":"product_tag","embeddable":true,"href":"https:\/\/wefreelancer.in\/love\/thechairgy\/wp-json\/wp\/v2\/product_tag?post=17635"}],"curies":[{"name":"wp","href":"https:\/\/api.w.org\/{rel}","templated":true}]}}