{"id":17636,"date":"2020-06-17T20:29:59","date_gmt":"2020-06-17T20:29:59","guid":{"rendered":"https:\/\/wefreelancer.in\/love\/thechairgy\/?post_type=product&#038;p=17636"},"modified":"2023-10-29T08:17:06","modified_gmt":"2023-10-29T08:17:06","slug":"essense-of-australia-d2848","status":"publish","type":"product","link":"https:\/\/wefreelancer.in\/love\/thechairgy\/shop\/shop\/stile\/klassik\/essense-of-australia-d2848\/","title":{"rendered":"Essense of Australia D2848"},"content":{"rendered":"<div>\n<h2>Trau dich &#8211; mit dem Hochzeitskleid in Spitze<\/h2>\n<p>Mit dem Ballkleid Essense of Australia D2848 gleiten wie eine Prinzessin: Der weite Rock mit Schleppe und die gef\u00fchlvollen Spitzenanteile am Oberteil sind Verf\u00fchrung pur. <\/p>\n<\/p>\n<p>Dieses Kleid ist \u00e4rmelfrei und sorgt f\u00fcr ein graziles und verlockendes Auftreten.<\/p>\n<p>Das Hochzeitskleid aus dem Hause Essense of Australia umschmeichelt dich mit besonderem Zauber. Strahle wie ein funkelnder Stern am Horizont f\u00fcr Deinen Liebsten!<\/p>\n<p>Ein bezauberndes Dress mit langer Schleppe &#8211; wie eine Prinzessin.<\/p>\n<p>Mit der feinen Blumen-Spitze und dem zarten T\u00fcll-Rock bist du der Blickfang des ganzen wunderbaren Festtages.<\/p>\n<p><span>Dieses wertige Modell ist genau das Richtige, wenn dir ein mittleres Budget zur Verf\u00fcgung steht. Aufgrund der Wettbewerber vergeben wir endg\u00fcltige Endpreise ausschlie\u00dflich vor Ort im Gesch\u00e4ft.<\/span><\/p>\n<p>Die Modelle der Kollektion Essense of Australia zeichnen sich durch einen ganz besonderen Zauber aus, mit dem du alle um dich herum begeistern wirst. <\/p>\n<\/div>\n","protected":false},"excerpt":{"rendered":"<p>Essense of Australia Princess Brautkleid D2848 mit \u00fcppigem Ballkleid-Rock aus T\u00fcll und Spitze<\/p>\n","protected":false},"featured_media":17637,"template":"","meta":[],"product_brand":[],"product_cat":[397,370,371,333],"product_tag":[569,557,340,400,551,548,387,388,341,574,374,552,558,342,547,407,375,467,378,347,348,349,350,353,554],"class_list":{"0":"post-17636","1":"product","2":"type-product","3":"status-publish","4":"has-post-thumbnail","6":"product_cat-essense-of-australia","7":"product_cat-klassik","8":"product_cat-princess","9":"product_cat-sale","10":"product_tag-1000-2000e","11":"product_tag-ballkleid-princess","12":"product_tag-budget-1000-2000e","13":"product_tag-essense-of-australia","14":"product_tag-frankfurt-am-main","15":"product_tag-gerade","16":"product_tag-glitzer","17":"product_tag-glitzer-tull","18":"product_tag-herz-ausschnitt","19":"product_tag-herzform","20":"product_tag-klassik","21":"product_tag-koln-hurth","22":"product_tag-mittellange-schleppe","23":"product_tag-ohne-armel","24":"product_tag-ohne-cutouts","25":"product_tag-organza","26":"product_tag-princess","27":"product_tag-rucken-gerade","28":"product_tag-schleppe-mittellang","29":"product_tag-shop-frankfurt-am-main","30":"product_tag-shop-koln-hurth","31":"product_tag-shop-wiesbaden","32":"product_tag-spitze","33":"product_tag-tull","34":"product_tag-wiesbaden","36":"first","37":"instock","38":"sold-individually","39":"taxable","40":"shipping-taxable","41":"purchasable","42":"product-type-simple"},"brands":[],"_links":{"self":[{"href":"https:\/\/wefreelancer.in\/love\/thechairgy\/wp-json\/wp\/v2\/product\/17636","targetHints":{"allow":["GET"]}}],"collection":[{"href":"https:\/\/wefreelancer.in\/love\/thechairgy\/wp-json\/wp\/v2\/product"}],"about":[{"href":"https:\/\/wefreelancer.in\/love\/thechairgy\/wp-json\/wp\/v2\/types\/product"}],"wp:featuredmedia":[{"embeddable":true,"href":"https:\/\/wefreelancer.in\/love\/thechairgy\/wp-json\/wp\/v2\/media\/17637"}],"wp:attachment":[{"href":"https:\/\/wefreelancer.in\/love\/thechairgy\/wp-json\/wp\/v2\/media?parent=17636"}],"wp:term":[{"taxonomy":"product_brand","embeddable":true,"href":"https:\/\/wefreelancer.in\/love\/thechairgy\/wp-json\/wp\/v2\/product_brand?post=17636"},{"taxonomy":"product_cat","embeddable":true,"href":"https:\/\/wefreelancer.in\/love\/thechairgy\/wp-json\/wp\/v2\/product_cat?post=17636"},{"taxonomy":"product_tag","embeddable":true,"href":"https:\/\/wefreelancer.in\/love\/thechairgy\/wp-json\/wp\/v2\/product_tag?post=17636"}],"curies":[{"name":"wp","href":"https:\/\/api.w.org\/{rel}","templated":true}]}}