{"id":17766,"date":"2020-06-17T20:30:26","date_gmt":"2020-06-17T20:30:26","guid":{"rendered":"https:\/\/wefreelancer.in\/love\/thechairgy\/?post_type=product&#038;p=17766"},"modified":"2023-10-29T08:18:44","modified_gmt":"2023-10-29T08:18:44","slug":"martina-liana-ml950","status":"publish","type":"product","link":"https:\/\/wefreelancer.in\/love\/thechairgy\/shop\/shop\/stile\/klassik\/martina-liana-ml950\/","title":{"rendered":"Martina Liana 950"},"content":{"rendered":"<div>\n<h2>Trau dich &#8211; mit dem Brautkleid in Spitze<\/h2>\n<p>Wohlf\u00fchlen in A-Linie: das Modell Martina Liana 950 hinterl\u00e4sst einen bleibenden Eindruck f\u00fcr den sch\u00f6nsten Tag eures Lebens.<\/p>\n<p>Dieses Kleid ist \u00e4rmelfrei und sorgt f\u00fcr ein elegantes und reizvolles Auftreten.<\/p>\n<p>Mit der Marke Martina Liana machst du alles richtig &#8211; Beste Qualit\u00e4t und hochwertiges Material f\u00fcr einen unbeschreiblichen Tragekomfort. <\/p>\n<p>Ein bezauberndes Dress mit langer Schleppe &#8211; wie eine Prinzessin.<\/p>\n<p>F\u00fcr den gro\u00dfen Geldbeutel bieten wir dir etwas ganz Besonderes. <\/p>\n<p>Martina Liana setzt dich in Szene und l\u00e4sst dich den ganzen Festtag im besonderen Licht erstrahlen. <\/p>\n<\/div>\n","protected":false},"excerpt":{"rendered":"<p>Romantisches Martina Liana Princess Brautkleid 950 mit edler Mondstein-Stickerei<\/p>\n","protected":false},"featured_media":17767,"template":"","meta":[],"product_brand":[],"product_cat":[393,370,411,371,333,394],"product_tag":[562,338,409,557,412,551,548,387,388,374,552,414,558,342,547,407,375,467,378,347,348,349,350,560,554],"class_list":{"0":"post-17766","1":"product","2":"type-product","3":"status-publish","4":"has-post-thumbnail","6":"product_cat-highlights","7":"product_cat-klassik","8":"product_cat-martina-liana","9":"product_cat-princess","10":"product_cat-sale","11":"product_cat-teaser-produkt","12":"product_tag-2500e-plus","13":"product_tag-a-linie","14":"product_tag-ausschnitt-tief","15":"product_tag-ballkleid-princess","16":"product_tag-budget-2500-4999e","17":"product_tag-frankfurt-am-main","18":"product_tag-gerade","19":"product_tag-glitzer","20":"product_tag-glitzer-tull","21":"product_tag-klassik","22":"product_tag-koln-hurth","23":"product_tag-martina-liana","24":"product_tag-mittellange-schleppe","25":"product_tag-ohne-armel","26":"product_tag-ohne-cutouts","27":"product_tag-organza","28":"product_tag-princess","29":"product_tag-rucken-gerade","30":"product_tag-schleppe-mittellang","31":"product_tag-shop-frankfurt-am-main","32":"product_tag-shop-koln-hurth","33":"product_tag-shop-wiesbaden","34":"product_tag-spitze","35":"product_tag-tief","36":"product_tag-wiesbaden","38":"first","39":"instock","40":"sold-individually","41":"taxable","42":"shipping-taxable","43":"purchasable","44":"product-type-simple"},"brands":[],"_links":{"self":[{"href":"https:\/\/wefreelancer.in\/love\/thechairgy\/wp-json\/wp\/v2\/product\/17766","targetHints":{"allow":["GET"]}}],"collection":[{"href":"https:\/\/wefreelancer.in\/love\/thechairgy\/wp-json\/wp\/v2\/product"}],"about":[{"href":"https:\/\/wefreelancer.in\/love\/thechairgy\/wp-json\/wp\/v2\/types\/product"}],"wp:featuredmedia":[{"embeddable":true,"href":"https:\/\/wefreelancer.in\/love\/thechairgy\/wp-json\/wp\/v2\/media\/17767"}],"wp:attachment":[{"href":"https:\/\/wefreelancer.in\/love\/thechairgy\/wp-json\/wp\/v2\/media?parent=17766"}],"wp:term":[{"taxonomy":"product_brand","embeddable":true,"href":"https:\/\/wefreelancer.in\/love\/thechairgy\/wp-json\/wp\/v2\/product_brand?post=17766"},{"taxonomy":"product_cat","embeddable":true,"href":"https:\/\/wefreelancer.in\/love\/thechairgy\/wp-json\/wp\/v2\/product_cat?post=17766"},{"taxonomy":"product_tag","embeddable":true,"href":"https:\/\/wefreelancer.in\/love\/thechairgy\/wp-json\/wp\/v2\/product_tag?post=17766"}],"curies":[{"name":"wp","href":"https:\/\/api.w.org\/{rel}","templated":true}]}}