{"id":17831,"date":"2020-06-17T20:30:32","date_gmt":"2020-06-17T20:30:32","guid":{"rendered":"https:\/\/wefreelancer.in\/love\/thechairgy\/?post_type=product&#038;p=17831"},"modified":"2023-10-29T08:19:36","modified_gmt":"2023-10-29T08:19:36","slug":"stella-york-6684-2","status":"publish","type":"product","link":"https:\/\/wefreelancer.in\/love\/thechairgy\/shop\/shop\/stile\/klassik\/stella-york-6684-2\/","title":{"rendered":"Stella York 6684"},"content":{"rendered":"<div>\n<h2>Traumhaft sch\u00f6nes Modell mit Spitze<\/h2>\n<p>F\u00fcr deinen gro\u00dfen und glamour\u00f6sen Auftritt mit dem Kleid Stella York 6684 der Kollektion Stella York. <\/p>\n<p>Eine frauliche Wirkung erzeugt der edle Carmen-Ausschnitt. <\/p>\n<p>Mit der Marke Stella York kannst du dich immer auf die beste und edle Qualit\u00e4t unserer Kleider verlassen.<\/p>\n<p>Mit der kurzen Schleppe bist du frei beweglich und kannst auf der Tanzfl\u00e4che richtig Gas geben.<\/p>\n<p><span>Mit dem Rock aus T\u00fcll kannst du dich durch das grazile Material nicht nur frei bewegen, sondern du hinterl\u00e4sst auch einen unvergesslichen Eindruck f\u00fcr diesen ganz besonderen Tag. Die Blumen aus Spitze sind ein zus\u00e4tzliches Highlight.<\/span><\/p>\n<p><span>Dieses wertige Modell ist genau das Richtige, wenn dir ein mittleres Budget zur Verf\u00fcgung steht. Aufgrund der Wettbewerber vergeben wir endg\u00fcltige Endpreise ausschlie\u00dflich vor Ort im Gesch\u00e4ft.<\/span><\/p>\n<p>Wir sorgen mit dem Kleid der Marke Stella York f\u00fcr ein au\u00dfergew\u00f6hnliches Erlebnis &#8211; f\u00fcr einen Moment, der f\u00fcr immer w\u00e4hrt. <\/p>\n<\/div>\n","protected":false},"excerpt":{"rendered":"<p>Stella York Brautkleid 6684 mit romantischem Carmen-Ausschnitt<\/p>\n","protected":false},"featured_media":17832,"template":"","meta":[],"product_brand":[],"product_cat":[370,371,333,335],"product_tag":[569,338,422,340,545,479,551,374,552,549,547,407,375,377,346,347,348,349,350,351,353,555,554],"class_list":{"0":"post-17831","1":"product","2":"type-product","3":"status-publish","4":"has-post-thumbnail","6":"product_cat-klassik","7":"product_cat-princess","8":"product_cat-sale","9":"product_cat-stella-york","10":"product_tag-1000-2000e","11":"product_tag-a-linie","12":"product_tag-armelchen","13":"product_tag-budget-1000-2000e","14":"product_tag-carmen-u-boot","15":"product_tag-carmen-ausschnitt","16":"product_tag-frankfurt-am-main","17":"product_tag-klassik","18":"product_tag-koln-hurth","19":"product_tag-kurze-schleppe","20":"product_tag-ohne-cutouts","21":"product_tag-organza","22":"product_tag-princess","23":"product_tag-rucken-v-ausschnitt","24":"product_tag-schleppe-kurz","25":"product_tag-shop-frankfurt-am-main","26":"product_tag-shop-koln-hurth","27":"product_tag-shop-wiesbaden","28":"product_tag-spitze","29":"product_tag-stella-york","30":"product_tag-tull","31":"product_tag-v-ausschnitt","32":"product_tag-wiesbaden","34":"first","35":"instock","36":"sold-individually","37":"taxable","38":"shipping-taxable","39":"purchasable","40":"product-type-simple"},"brands":[],"_links":{"self":[{"href":"https:\/\/wefreelancer.in\/love\/thechairgy\/wp-json\/wp\/v2\/product\/17831","targetHints":{"allow":["GET"]}}],"collection":[{"href":"https:\/\/wefreelancer.in\/love\/thechairgy\/wp-json\/wp\/v2\/product"}],"about":[{"href":"https:\/\/wefreelancer.in\/love\/thechairgy\/wp-json\/wp\/v2\/types\/product"}],"wp:featuredmedia":[{"embeddable":true,"href":"https:\/\/wefreelancer.in\/love\/thechairgy\/wp-json\/wp\/v2\/media\/17832"}],"wp:attachment":[{"href":"https:\/\/wefreelancer.in\/love\/thechairgy\/wp-json\/wp\/v2\/media?parent=17831"}],"wp:term":[{"taxonomy":"product_brand","embeddable":true,"href":"https:\/\/wefreelancer.in\/love\/thechairgy\/wp-json\/wp\/v2\/product_brand?post=17831"},{"taxonomy":"product_cat","embeddable":true,"href":"https:\/\/wefreelancer.in\/love\/thechairgy\/wp-json\/wp\/v2\/product_cat?post=17831"},{"taxonomy":"product_tag","embeddable":true,"href":"https:\/\/wefreelancer.in\/love\/thechairgy\/wp-json\/wp\/v2\/product_tag?post=17831"}],"curies":[{"name":"wp","href":"https:\/\/api.w.org\/{rel}","templated":true}]}}