{"id":17849,"date":"2020-06-17T20:30:44","date_gmt":"2020-06-17T20:30:44","guid":{"rendered":"https:\/\/wefreelancer.in\/love\/thechairgy\/?post_type=product&#038;p=17849"},"modified":"2023-10-29T08:19:51","modified_gmt":"2023-10-29T08:19:51","slug":"stella-york-6743","status":"publish","type":"product","link":"https:\/\/wefreelancer.in\/love\/thechairgy\/shop\/shop\/stile\/sexy\/stella-york-6743\/","title":{"rendered":"Stella York 6743"},"content":{"rendered":"<div>\n<h2>Himmlisch sch\u00f6nes Modell mit Spitze<\/h2>\n<p>Dieses Brautkleid Stella York 6743 besticht durch seine Eleganz und seinem m\u00e4rchenhaften Look. <\/p>\n<p>Eine frauliche Wirkung erzeugt der edle Carmen-Ausschnitt. <\/p>\n<p>Mit der Marke Stella York kannst du dich immer auf die beste und wertige Qualit\u00e4t unserer Kleider verlassen.<\/p>\n<p><span>Mit der mittellangen Schleppe strahlst du Glanz und stimmungsvollen Charme aus. <\/span><\/p>\n<p>Der fein flie\u00dfende T\u00fcll-Rock sowie die feinen Blumen aus Spitze machen dieses Hochzeitskleid zu einem unvergesslichen Blickfang.<\/p>\n<p><span>Dieses malerische Kleid ist gut geeignet, wenn du ein mittleres Budget f\u00fcr dein Brautkleid zur Verf\u00fcgung hast. Beachte bitte, dass wir den finalen Preis des Modells bei uns im Gesch\u00e4ft angeben. <\/span><\/p>\n<p>Stella York setzt dich in Szene und l\u00e4sst dich den ganzen Festtag im besonderen Licht erstrahlen. <\/p>\n<\/div>\n","protected":false},"excerpt":{"rendered":"<p>Ein Traum aus glitzernden Perlen: Das sexy Stella York Mermaid-Brautkleid 6743<\/p>\n","protected":false},"featured_media":17850,"template":"","meta":[],"product_brand":[],"product_cat":[491,333,399,335],"product_tag":[569,422,340,545,479,551,548,552,474,558,547,407,467,378,402,347,348,349,350,351,353,554],"class_list":{"0":"post-17849","1":"product","2":"type-product","3":"status-publish","4":"has-post-thumbnail","6":"product_cat-mermaid","7":"product_cat-sale","8":"product_cat-sexy","9":"product_cat-stella-york","10":"product_tag-1000-2000e","11":"product_tag-armelchen","12":"product_tag-budget-1000-2000e","13":"product_tag-carmen-u-boot","14":"product_tag-carmen-ausschnitt","15":"product_tag-frankfurt-am-main","16":"product_tag-gerade","17":"product_tag-koln-hurth","18":"product_tag-mermaid","19":"product_tag-mittellange-schleppe","20":"product_tag-ohne-cutouts","21":"product_tag-organza","22":"product_tag-rucken-gerade","23":"product_tag-schleppe-mittellang","24":"product_tag-sexy","25":"product_tag-shop-frankfurt-am-main","26":"product_tag-shop-koln-hurth","27":"product_tag-shop-wiesbaden","28":"product_tag-spitze","29":"product_tag-stella-york","30":"product_tag-tull","31":"product_tag-wiesbaden","33":"first","34":"instock","35":"sold-individually","36":"taxable","37":"shipping-taxable","38":"purchasable","39":"product-type-simple"},"brands":[],"_links":{"self":[{"href":"https:\/\/wefreelancer.in\/love\/thechairgy\/wp-json\/wp\/v2\/product\/17849","targetHints":{"allow":["GET"]}}],"collection":[{"href":"https:\/\/wefreelancer.in\/love\/thechairgy\/wp-json\/wp\/v2\/product"}],"about":[{"href":"https:\/\/wefreelancer.in\/love\/thechairgy\/wp-json\/wp\/v2\/types\/product"}],"wp:featuredmedia":[{"embeddable":true,"href":"https:\/\/wefreelancer.in\/love\/thechairgy\/wp-json\/wp\/v2\/media\/17850"}],"wp:attachment":[{"href":"https:\/\/wefreelancer.in\/love\/thechairgy\/wp-json\/wp\/v2\/media?parent=17849"}],"wp:term":[{"taxonomy":"product_brand","embeddable":true,"href":"https:\/\/wefreelancer.in\/love\/thechairgy\/wp-json\/wp\/v2\/product_brand?post=17849"},{"taxonomy":"product_cat","embeddable":true,"href":"https:\/\/wefreelancer.in\/love\/thechairgy\/wp-json\/wp\/v2\/product_cat?post=17849"},{"taxonomy":"product_tag","embeddable":true,"href":"https:\/\/wefreelancer.in\/love\/thechairgy\/wp-json\/wp\/v2\/product_tag?post=17849"}],"curies":[{"name":"wp","href":"https:\/\/api.w.org\/{rel}","templated":true}]}}