{"id":17930,"date":"2020-06-17T20:30:52","date_gmt":"2020-06-17T20:30:52","guid":{"rendered":"https:\/\/wefreelancer.in\/love\/thechairgy\/?post_type=product&#038;p=17930"},"modified":"2023-10-29T08:20:46","modified_gmt":"2023-10-29T08:20:46","slug":"stella-york-6968","status":"publish","type":"product","link":"https:\/\/wefreelancer.in\/love\/thechairgy\/shop\/shop\/stile\/fit-and-flare\/stella-york-6968\/","title":{"rendered":"Stella York 6968"},"content":{"rendered":"<div>\n<h2>Trau dich &#8211; mit dem Hochzeitskleid in Spitze<\/h2>\n<p>Inspiriert von der Anmut und dem Glamour einer Ballerina, bietet dieses Modell Stella York 6968 der Kollektion Stella York das richtige Volumen f\u00fcr die topaktuelle Romantikerin.<\/p>\n<p>Besonders verf\u00fchrerisch wirkt das Kleid durch den \u00e4rmelfreien Schnitt, sodass du dich gel\u00f6st und offen bewegen kannst.<\/p>\n<p>Die Marke Stella York besticht durch ihre zauberhaften und sehr schicken Modelle mit dem gewissen Etwas.<\/p>\n<\/p>\n<p>Die Schleppe ist kurz und sorgt so f\u00fcr eine angenehme und freie Bewegung zu jedem Augenblick.<\/p>\n<p>Der anmutig flie\u00dfende T\u00fcll-Rock sowie die feinen Blumen aus Spitze machen dieses Brautkleid zu einem unvergesslichen Blickfang.<\/p>\n<p><span>Dieses hochwertige Kleid ist genau das Richtige, wenn dir ein mittleres Budget zur Verf\u00fcgung steht. Aufgrund der Wettbewerber vergeben wir endg\u00fcltige Endpreise ausschlie\u00dflich vor Ort im Gesch\u00e4ft.<\/span><\/p>\n<p>Die Kleider der Kollektion Stella York zeichnen sich durch einen ganz besonderen Zauber aus, mit dem du alle um dich herum begeistern wirst. <\/p>\n<\/div>\n","protected":false},"excerpt":{"rendered":"<p>Ein Traum aus Glitzert\u00fcll und Bl\u00fctenspitze: Das moderne Stella York Mermaid-Brautkleid 6968<\/p>\n","protected":false},"featured_media":17931,"template":"","meta":[],"product_brand":[],"product_cat":[398,393,333,399,335,394],"product_tag":[569,409,340,401,551,552,549,342,547,376,377,346,402,347,348,349,350,351,560,353,555,554],"class_list":{"0":"post-17930","1":"product","2":"type-product","3":"status-publish","4":"has-post-thumbnail","6":"product_cat-fit-and-flare","7":"product_cat-highlights","8":"product_cat-sale","9":"product_cat-sexy","10":"product_cat-stella-york","11":"product_cat-teaser-produkt","12":"product_tag-1000-2000e","13":"product_tag-ausschnitt-tief","14":"product_tag-budget-1000-2000e","15":"product_tag-fit-and-flare","16":"product_tag-frankfurt-am-main","17":"product_tag-koln-hurth","18":"product_tag-kurze-schleppe","19":"product_tag-ohne-armel","20":"product_tag-ohne-cutouts","21":"product_tag-rucken-tief","22":"product_tag-rucken-v-ausschnitt","23":"product_tag-schleppe-kurz","24":"product_tag-sexy","25":"product_tag-shop-frankfurt-am-main","26":"product_tag-shop-koln-hurth","27":"product_tag-shop-wiesbaden","28":"product_tag-spitze","29":"product_tag-stella-york","30":"product_tag-tief","31":"product_tag-tull","32":"product_tag-v-ausschnitt","33":"product_tag-wiesbaden","35":"first","36":"instock","37":"sold-individually","38":"taxable","39":"shipping-taxable","40":"purchasable","41":"product-type-simple"},"brands":[],"_links":{"self":[{"href":"https:\/\/wefreelancer.in\/love\/thechairgy\/wp-json\/wp\/v2\/product\/17930","targetHints":{"allow":["GET"]}}],"collection":[{"href":"https:\/\/wefreelancer.in\/love\/thechairgy\/wp-json\/wp\/v2\/product"}],"about":[{"href":"https:\/\/wefreelancer.in\/love\/thechairgy\/wp-json\/wp\/v2\/types\/product"}],"wp:featuredmedia":[{"embeddable":true,"href":"https:\/\/wefreelancer.in\/love\/thechairgy\/wp-json\/wp\/v2\/media\/17931"}],"wp:attachment":[{"href":"https:\/\/wefreelancer.in\/love\/thechairgy\/wp-json\/wp\/v2\/media?parent=17930"}],"wp:term":[{"taxonomy":"product_brand","embeddable":true,"href":"https:\/\/wefreelancer.in\/love\/thechairgy\/wp-json\/wp\/v2\/product_brand?post=17930"},{"taxonomy":"product_cat","embeddable":true,"href":"https:\/\/wefreelancer.in\/love\/thechairgy\/wp-json\/wp\/v2\/product_cat?post=17930"},{"taxonomy":"product_tag","embeddable":true,"href":"https:\/\/wefreelancer.in\/love\/thechairgy\/wp-json\/wp\/v2\/product_tag?post=17930"}],"curies":[{"name":"wp","href":"https:\/\/api.w.org\/{rel}","templated":true}]}}