{"id":18000,"date":"2022-10-26T10:31:09","date_gmt":"2022-10-26T10:31:09","guid":{"rendered":"https:\/\/wefreelancer.in\/love\/thechairgy\/?post_type=product&#038;p=18000"},"modified":"2023-10-29T08:21:36","modified_gmt":"2023-10-29T08:21:36","slug":"angela-bianca-1005","status":"publish","type":"product","link":"https:\/\/wefreelancer.in\/love\/thechairgy\/shop\/shop\/stile\/plus-size\/angela-bianca-1005\/","title":{"rendered":"Angela Bianca 1005"},"content":{"rendered":"<div>\n<h2>Strahlend sch\u00f6nes Brautkleid<\/h2>\n<p>Wohlf\u00fchlen in A-Linie: das Modell Angela Bianca 1005 hinterl\u00e4sst einen bleibenden Eindruck f\u00fcr den sch\u00f6nsten Festtag eures Lebens.<\/p>\n<p>Das Sortiment von Angela Bianca \u00fcberzeugt mit Nat\u00fcrlichkeit und einzigartiger Passform. Die feinen verspielten Details geben dem Kleid Angela Bianca 1005 einen besonderen Charme. <\/p>\n<p>Mit dieser langen Schleppe wird dein Gang zum Hochzeitsaltar DAS Highlight eures unvergesslichen Tages. <\/p>\n<p>Das Besondere an dem Kleid sind die Cutouts in V-Form, die dir einen bet\u00f6renden Look verleihen. <\/p>\n<p>Dieses Modell ist \u00e4rmelfrei und sorgt f\u00fcr ein graziles und anziehendes Auftreten.<\/p>\n<p>Besonders hervorheben m\u00f6chten wir, dass auch mit geringem Budget unvergleichliche Kleider bei uns zur Verf\u00fcgung stehen &#8211; ohne, dass du auf Qualit\u00e4t und Glamour verzichten musst. <\/p>\n<p>Satin tr\u00e4gt sich wie eine zweite Haut &#8211; zart und grazil. <\/p>\n<p>Wir sorgen mit dem Modell der Marke Angela Bianca f\u00fcr ein \u00fcberragendes Erlebnis &#8211; f\u00fcr einen Moment, der ewig w\u00e4hrt. <\/p>\n<\/div>\n","protected":false},"excerpt":{"rendered":"<p>Angela Bianca 1005 &#8211; Ein schlichtes Prinzessinnen-Kleid aus elegantem Satin: Das Angela Bianca Brautkleid 1005<\/p>\n","protected":false},"featured_media":18001,"template":"","meta":[],"product_brand":[],"product_cat":[439,485,440,441],"product_tag":[546,338,442,557,550,516,486,551,511,515,552,558,553,342,547,446,375,489,447,450,556,555,554],"class_list":{"0":"post-18000","1":"product","2":"type-product","3":"status-publish","4":"has-post-thumbnail","6":"product_cat-angela-bianca","7":"product_cat-clean","8":"product_cat-plus-size","9":"product_cat-standesamt","10":"product_tag-599-1200e","11":"product_tag-a-linie","12":"product_tag-angela-bianca","13":"product_tag-ballkleid-princess","14":"product_tag-berlin-schonefeld","15":"product_tag-bestseller","16":"product_tag-clean","17":"product_tag-frankfurt-am-main","18":"product_tag-glatt","19":"product_tag-gunstig","20":"product_tag-koln-hurth","21":"product_tag-mittellange-schleppe","22":"product_tag-nurnberg","23":"product_tag-ohne-armel","24":"product_tag-ohne-cutouts","25":"product_tag-plus-size","26":"product_tag-princess","27":"product_tag-satin","28":"product_tag-schlicht","29":"product_tag-standesamt","30":"product_tag-v-cutouts","31":"product_tag-v-ausschnitt","32":"product_tag-wiesbaden","34":"first","35":"outofstock","36":"sold-individually","37":"taxable","38":"shipping-taxable","39":"purchasable","40":"product-type-simple"},"brands":[],"_links":{"self":[{"href":"https:\/\/wefreelancer.in\/love\/thechairgy\/wp-json\/wp\/v2\/product\/18000","targetHints":{"allow":["GET"]}}],"collection":[{"href":"https:\/\/wefreelancer.in\/love\/thechairgy\/wp-json\/wp\/v2\/product"}],"about":[{"href":"https:\/\/wefreelancer.in\/love\/thechairgy\/wp-json\/wp\/v2\/types\/product"}],"wp:featuredmedia":[{"embeddable":true,"href":"https:\/\/wefreelancer.in\/love\/thechairgy\/wp-json\/wp\/v2\/media\/18001"}],"wp:attachment":[{"href":"https:\/\/wefreelancer.in\/love\/thechairgy\/wp-json\/wp\/v2\/media?parent=18000"}],"wp:term":[{"taxonomy":"product_brand","embeddable":true,"href":"https:\/\/wefreelancer.in\/love\/thechairgy\/wp-json\/wp\/v2\/product_brand?post=18000"},{"taxonomy":"product_cat","embeddable":true,"href":"https:\/\/wefreelancer.in\/love\/thechairgy\/wp-json\/wp\/v2\/product_cat?post=18000"},{"taxonomy":"product_tag","embeddable":true,"href":"https:\/\/wefreelancer.in\/love\/thechairgy\/wp-json\/wp\/v2\/product_tag?post=18000"}],"curies":[{"name":"wp","href":"https:\/\/api.w.org\/{rel}","templated":true}]}}