{"id":18135,"date":"2020-06-17T20:32:13","date_gmt":"2020-06-17T20:32:13","guid":{"rendered":"https:\/\/wefreelancer.in\/love\/thechairgy\/?post_type=product&#038;p=18135"},"modified":"2023-10-29T08:23:20","modified_gmt":"2023-10-29T08:23:20","slug":"daniela-di-marino-ilda","status":"publish","type":"product","link":"https:\/\/wefreelancer.in\/love\/thechairgy\/shop\/shop\/stile\/boho\/daniela-di-marino-ilda\/","title":{"rendered":"Daniela di Marino Ilda"},"content":{"rendered":"<div>\n<h2>Unverf\u00e4lscht sch\u00f6n &#8211; Heiraten im Boho-Style<\/h2>\n<p>Mit dem Kleid Daniela di Marino Ilda in A-Linie wird dein Gang zum Hochzeitsaltar unvergesslich.<\/p>\n<p>Mit dieser Marke kannst du sicher sein, dass dein Strahlen an diesem Festtag niemals aufh\u00f6rt. <\/p>\n<p>Mit der kurzen Schleppe bist du frei beweglich und kannst auf dem Parkett richtig Gas geben.<\/p>\n<p>Unbeschwert und doch edel: Boho ist ein von der Natur inspirierter Look, wie geschaffen f\u00fcr die aktuelle und unabh\u00e4ngige Braut.<\/p>\n<p>Mit dem tiefen V-Ausschnitt und dem feinen Blumenmuster bringst du deine weibliche Seite hervor und kannst dich trotzdem frei bewegen und mit deinen Liebsten uneingeschr\u00e4nkt tanzen.<\/p>\n<p>Dieses Modell ist \u00e4rmelfrei und sorgt f\u00fcr ein feines und anziehendes Auftreten.<\/p>\n<p><span>Dieses m\u00e4rchenhafte Modell ist gut geeignet, wenn du ein mittleres Budget f\u00fcr dein Hochzeitskleid zur Verf\u00fcgung hast. Beachte bitte, dass wir den endg\u00fcltigen Preis des Kleides bei uns im Gesch\u00e4ft angeben. <\/span><\/p>\n<p>Daniela di Marino setzt dich in Szene und l\u00e4sst dich den ganzen Tag im besonderen Glanz erstrahlen. <\/p>\n<\/div>\n","protected":false},"excerpt":{"rendered":"<p>Daniela di Marino Brautkleid Ilda<\/p>\n","protected":false},"featured_media":18136,"template":"","meta":[],"product_brand":[],"product_cat":[337,432,371],"product_tag":[569,338,550,419,339,434,551,387,552,549,570,342,547,375,560,353,555,554],"class_list":{"0":"post-18135","1":"product","2":"type-product","3":"status-publish","4":"has-post-thumbnail","6":"product_cat-boho","7":"product_cat-daniela-di-marino","8":"product_cat-princess","9":"product_tag-1000-2000e","10":"product_tag-a-linie","11":"product_tag-berlin-schonefeld","12":"product_tag-boho","13":"product_tag-boho-vintage","14":"product_tag-daniela-di-marino","15":"product_tag-frankfurt-am-main","16":"product_tag-glitzer","17":"product_tag-koln-hurth","18":"product_tag-kurze-schleppe","19":"product_tag-offen","20":"product_tag-ohne-armel","21":"product_tag-ohne-cutouts","22":"product_tag-princess","23":"product_tag-tief","24":"product_tag-tull","25":"product_tag-v-ausschnitt","26":"product_tag-wiesbaden","28":"first","29":"outofstock","30":"sold-individually","31":"taxable","32":"shipping-taxable","33":"purchasable","34":"product-type-simple"},"brands":[],"_links":{"self":[{"href":"https:\/\/wefreelancer.in\/love\/thechairgy\/wp-json\/wp\/v2\/product\/18135","targetHints":{"allow":["GET"]}}],"collection":[{"href":"https:\/\/wefreelancer.in\/love\/thechairgy\/wp-json\/wp\/v2\/product"}],"about":[{"href":"https:\/\/wefreelancer.in\/love\/thechairgy\/wp-json\/wp\/v2\/types\/product"}],"wp:featuredmedia":[{"embeddable":true,"href":"https:\/\/wefreelancer.in\/love\/thechairgy\/wp-json\/wp\/v2\/media\/18136"}],"wp:attachment":[{"href":"https:\/\/wefreelancer.in\/love\/thechairgy\/wp-json\/wp\/v2\/media?parent=18135"}],"wp:term":[{"taxonomy":"product_brand","embeddable":true,"href":"https:\/\/wefreelancer.in\/love\/thechairgy\/wp-json\/wp\/v2\/product_brand?post=18135"},{"taxonomy":"product_cat","embeddable":true,"href":"https:\/\/wefreelancer.in\/love\/thechairgy\/wp-json\/wp\/v2\/product_cat?post=18135"},{"taxonomy":"product_tag","embeddable":true,"href":"https:\/\/wefreelancer.in\/love\/thechairgy\/wp-json\/wp\/v2\/product_tag?post=18135"}],"curies":[{"name":"wp","href":"https:\/\/api.w.org\/{rel}","templated":true}]}}