{"id":18166,"date":"2020-06-17T20:32:19","date_gmt":"2020-06-17T20:32:19","guid":{"rendered":"https:\/\/wefreelancer.in\/love\/thechairgy\/?post_type=product&#038;p=18166"},"modified":"2023-10-29T08:23:44","modified_gmt":"2023-10-29T08:23:44","slug":"monica-loretti-8127","status":"publish","type":"product","link":"https:\/\/wefreelancer.in\/love\/thechairgy\/shop\/shop\/stile\/boho\/monica-loretti-8127\/","title":{"rendered":"Monica Loretti 8127"},"content":{"rendered":"<div>\n<h2>Authentisch sch\u00f6n &#8211; Heiraten im Boho-Style<\/h2>\n<p><span>Mit dem Modell Monica Loretti 8127 zum Genie\u00dfen bleibt dein Hochzeitstag unvergesslich.<\/span><\/p>\n<p>Die Brautkleider-Marke aus Europa stellt dich in den Mittelpunkt und macht deinen Tag einzigartig. <\/p>\n<p>Mit der kurzen Schleppe bist du frei beweglich und kannst auf dem Tanzboden richtig Gas geben.<\/p>\n<\/p>\n<p>Dieser aufregende V-Ausschnitt ist optimal f\u00fcr eine Hochzeit bei hei\u00dfen Temperaturen. Dein Kleid wird damit zum Blickfang auf deiner Sommerhochzeit.<\/p>\n<p>Besonders verf\u00fchrerisch wirkt das Modell durch den \u00e4rmelfreien Schnitt, sodass du dich gel\u00f6st und offen bewegen kannst.<\/p>\n<p><span>Dieses m\u00e4rchenhafte Kleid ist gut geeignet, wenn du ein mittleres Budget f\u00fcr dein Hochzeitskleid zur Verf\u00fcgung hast. Beachte bitte, dass wir den endg\u00fcltigen Preis des Kleides bei uns im Gesch\u00e4ft angeben. <\/span><\/p>\n<p>Mit der feinen Blumen-Spitze und dem feinen T\u00fcll-Rock bist du der Blickfang des ganzen wunderbaren Festtages.<\/p>\n<p>Die Modelle der Kollektion Monica Loretti zeichnen sich durch einen ganz besonderen Zauber aus, mit dem du alle um dich herum begeistern wirst. <\/p>\n<\/div>\n","protected":false},"excerpt":{"rendered":"<p>Monica Loretti Brautkleid 8123<\/p>\n","protected":false},"featured_media":18167,"template":"","meta":[],"product_brand":[],"product_cat":[337,398,428],"product_tag":[569,550,419,339,401,551,552,549,575,342,547,350,353,555,554],"class_list":{"0":"post-18166","1":"product","2":"type-product","3":"status-publish","4":"has-post-thumbnail","6":"product_cat-boho","7":"product_cat-fit-and-flare","8":"product_cat-monica-loretti","9":"product_tag-1000-2000e","10":"product_tag-berlin-schonefeld","11":"product_tag-boho","12":"product_tag-boho-vintage","13":"product_tag-fit-and-flare","14":"product_tag-frankfurt-am-main","15":"product_tag-koln-hurth","16":"product_tag-kurze-schleppe","17":"product_tag-monica-loretti","18":"product_tag-ohne-armel","19":"product_tag-ohne-cutouts","20":"product_tag-spitze","21":"product_tag-tull","22":"product_tag-v-ausschnitt","23":"product_tag-wiesbaden","25":"first","26":"outofstock","27":"sold-individually","28":"taxable","29":"shipping-taxable","30":"purchasable","31":"product-type-simple"},"brands":[],"_links":{"self":[{"href":"https:\/\/wefreelancer.in\/love\/thechairgy\/wp-json\/wp\/v2\/product\/18166","targetHints":{"allow":["GET"]}}],"collection":[{"href":"https:\/\/wefreelancer.in\/love\/thechairgy\/wp-json\/wp\/v2\/product"}],"about":[{"href":"https:\/\/wefreelancer.in\/love\/thechairgy\/wp-json\/wp\/v2\/types\/product"}],"wp:featuredmedia":[{"embeddable":true,"href":"https:\/\/wefreelancer.in\/love\/thechairgy\/wp-json\/wp\/v2\/media\/18167"}],"wp:attachment":[{"href":"https:\/\/wefreelancer.in\/love\/thechairgy\/wp-json\/wp\/v2\/media?parent=18166"}],"wp:term":[{"taxonomy":"product_brand","embeddable":true,"href":"https:\/\/wefreelancer.in\/love\/thechairgy\/wp-json\/wp\/v2\/product_brand?post=18166"},{"taxonomy":"product_cat","embeddable":true,"href":"https:\/\/wefreelancer.in\/love\/thechairgy\/wp-json\/wp\/v2\/product_cat?post=18166"},{"taxonomy":"product_tag","embeddable":true,"href":"https:\/\/wefreelancer.in\/love\/thechairgy\/wp-json\/wp\/v2\/product_tag?post=18166"}],"curies":[{"name":"wp","href":"https:\/\/api.w.org\/{rel}","templated":true}]}}