{"id":18582,"date":"2020-07-04T16:32:43","date_gmt":"2020-07-04T16:32:43","guid":{"rendered":"https:\/\/wefreelancer.in\/love\/thechairgy\/?post_type=product&#038;p=18582"},"modified":"2023-10-29T08:24:42","modified_gmt":"2023-10-29T08:24:42","slug":"moonlight-bridal-j6777","status":"publish","type":"product","link":"https:\/\/wefreelancer.in\/love\/thechairgy\/shop\/unkategorisiert\/moonlight-bridal-j6777\/","title":{"rendered":"Moonlight Bridal J6777"},"content":{"rendered":"<div>\n<h2>Trau dich &#8211; mit dem Hochzeitskleid in Spitze<\/h2>\n<p>Einfach atemberaubend: Dieses Brautkleid Moonlight Bridal J6777 ist genau das Richtige f\u00fcr die Braut, die von einem glamour\u00f6sen Auftritt auf ihrer Hochzeit tr\u00e4umt.<\/p>\n<p>Dieses bezaubernde Kleid ist ohne \u00c4rmel und bietet dir vollste Bewegungsfreiheit &#8211; mit einer verlockenden und grazilen Note.<\/p>\n<p>Das <span>Cutout in Herzform<\/span> des Kleids Moonlight Bridal J6777 umspielt raffiniert deine Weiblichkeit.<\/p>\n<p>Qualit\u00e4t und Extravaganz ist das, was diese Kollektion ausmacht und dich an deinem Tag hervorhebt. <\/p>\n<p><span>Mit der mittellangen Schleppe strahlst du Glanz und romantisches Flair aus. <\/span><\/p>\n<p><span>Mit dem Rock aus T\u00fcll kannst du dich durch das zarte Material nicht nur frei bewegen, sondern du hinterl\u00e4sst auch einen unvergesslichen Eindruck f\u00fcr diesen ganz besonderen Festtag. Die Blumen aus Spitze sind ein zus\u00e4tzliches Highlight.<\/span><\/p>\n<p><span>Dieses edle Modell ist genau das Richtige, wenn dir ein mittleres Budget zur Verf\u00fcgung steht. Aufgrund der Wettbewerber vergeben wir finale Endpreise ausschlie\u00dflich vor Ort im Gesch\u00e4ft.<\/span><\/p>\n<p>Mit Qualit\u00e4tsbewusstsein f\u00fcr Materialvertr\u00e4glichkeit und Wohlbefinden &#8211; Jetzt anprobieren!<\/p>\n<\/div>\n","protected":false},"excerpt":{"rendered":"<p>Moonlight Bridal J6777<\/p>\n","protected":false},"featured_media":18583,"template":"","meta":[],"product_brand":[],"product_cat":[541],"product_tag":[569,550,340,548,341,574,374,474,558,342,547,467,378,532,350,353],"class_list":{"0":"post-18582","1":"product","2":"type-product","3":"status-publish","4":"has-post-thumbnail","6":"product_cat-unkategorisiert","7":"product_tag-1000-2000e","8":"product_tag-berlin-schonefeld","9":"product_tag-budget-1000-2000e","10":"product_tag-gerade","11":"product_tag-herz-ausschnitt","12":"product_tag-herzform","13":"product_tag-klassik","14":"product_tag-mermaid","15":"product_tag-mittellange-schleppe","16":"product_tag-ohne-armel","17":"product_tag-ohne-cutouts","18":"product_tag-rucken-gerade","19":"product_tag-schleppe-mittellang","20":"product_tag-shop-berlin-schonefeld","21":"product_tag-spitze","22":"product_tag-tull","24":"first","25":"instock","26":"sale","27":"sold-individually","28":"taxable","29":"shipping-taxable","30":"purchasable","31":"product-type-simple"},"brands":[],"_links":{"self":[{"href":"https:\/\/wefreelancer.in\/love\/thechairgy\/wp-json\/wp\/v2\/product\/18582","targetHints":{"allow":["GET"]}}],"collection":[{"href":"https:\/\/wefreelancer.in\/love\/thechairgy\/wp-json\/wp\/v2\/product"}],"about":[{"href":"https:\/\/wefreelancer.in\/love\/thechairgy\/wp-json\/wp\/v2\/types\/product"}],"wp:featuredmedia":[{"embeddable":true,"href":"https:\/\/wefreelancer.in\/love\/thechairgy\/wp-json\/wp\/v2\/media\/18583"}],"wp:attachment":[{"href":"https:\/\/wefreelancer.in\/love\/thechairgy\/wp-json\/wp\/v2\/media?parent=18582"}],"wp:term":[{"taxonomy":"product_brand","embeddable":true,"href":"https:\/\/wefreelancer.in\/love\/thechairgy\/wp-json\/wp\/v2\/product_brand?post=18582"},{"taxonomy":"product_cat","embeddable":true,"href":"https:\/\/wefreelancer.in\/love\/thechairgy\/wp-json\/wp\/v2\/product_cat?post=18582"},{"taxonomy":"product_tag","embeddable":true,"href":"https:\/\/wefreelancer.in\/love\/thechairgy\/wp-json\/wp\/v2\/product_tag?post=18582"}],"curies":[{"name":"wp","href":"https:\/\/api.w.org\/{rel}","templated":true}]}}