{"id":18586,"date":"2020-07-04T16:38:54","date_gmt":"2020-07-04T16:38:54","guid":{"rendered":"https:\/\/wefreelancer.in\/love\/thechairgy\/?post_type=product&#038;p=18586"},"modified":"2023-10-29T08:24:45","modified_gmt":"2023-10-29T08:24:45","slug":"moonlight-bridal-j6744","status":"publish","type":"product","link":"https:\/\/wefreelancer.in\/love\/thechairgy\/shop\/teaser-produkt\/moonlight-bridal-j6744\/","title":{"rendered":"Moonlight Bridal J6744"},"content":{"rendered":"<div>\n<h2>Trau dich &#8211; mit dem Brautkleid in Spitze<\/h2>\n<p>Mit dem Kleid Moonlight Bridal J6744 in A-Linie wird dein Gang zum Hochzeitsaltar unvergesslich.<\/p>\n<p><span>Mit dem Rock aus T\u00fcll kannst du dich durch das elegante Material nicht nur frei bewegen, sondern du hinterl\u00e4sst auch einen unvergesslichen Eindruck f\u00fcr diesen ganz besonderen Festtag. Die Blumen aus Spitze sind ein zus\u00e4tzliches Highlight.<\/span><\/p>\n<\/p>\n<p>Dieses bezaubernde Modell ist ohne \u00c4rmel und bietet dir vollste Bewegungsfreiheit &#8211; mit einer bet\u00f6renden und mond\u00e4nen Note.<\/p>\n<p><span>Mit der mittellangen Schleppe strahlst du Glanz und stimmungsvollen Liebreiz aus. <\/span><\/p>\n<p>Qualit\u00e4t und Extravaganz ist das, was diese Kollektion ausmacht und dich an deinem Tag hervorhebt. <\/p>\n<p><span>Die dargestellen Preisangaben stellen unverbindliche Preisspannen dar. Finale Endpreise geben wir aus Wettbewerbsgr\u00fcnden nur vor Ort im Gesch\u00e4ft an. F\u00fcr den bestm\u00f6glichen Service weisen wir darauf hin, dass die Artikel nicht online gekauft werden k\u00f6nnen, sondern ausschlie\u00dflich vor Ort in unseren Gesch\u00e4ften.<\/span><\/p>\n<p>Mit Qualit\u00e4tsbewusstsein f\u00fcr Materialvertr\u00e4glichkeit und Wohlbefinden &#8211; Jetzt anprobieren!<\/p>\n<\/div>\n","protected":false},"excerpt":{"rendered":"<p>Moonlight Bridal J6744<\/p>\n","protected":false},"featured_media":18587,"template":"","meta":[],"product_brand":[],"product_cat":[394],"product_tag":[569,338,557,550,340,548,341,574,374,558,342,547,375,467,378,532,350,353],"class_list":{"0":"post-18586","1":"product","2":"type-product","3":"status-publish","4":"has-post-thumbnail","6":"product_cat-teaser-produkt","7":"product_tag-1000-2000e","8":"product_tag-a-linie","9":"product_tag-ballkleid-princess","10":"product_tag-berlin-schonefeld","11":"product_tag-budget-1000-2000e","12":"product_tag-gerade","13":"product_tag-herz-ausschnitt","14":"product_tag-herzform","15":"product_tag-klassik","16":"product_tag-mittellange-schleppe","17":"product_tag-ohne-armel","18":"product_tag-ohne-cutouts","19":"product_tag-princess","20":"product_tag-rucken-gerade","21":"product_tag-schleppe-mittellang","22":"product_tag-shop-berlin-schonefeld","23":"product_tag-spitze","24":"product_tag-tull","26":"first","27":"instock","28":"sale","29":"sold-individually","30":"taxable","31":"shipping-taxable","32":"purchasable","33":"product-type-simple"},"brands":[],"_links":{"self":[{"href":"https:\/\/wefreelancer.in\/love\/thechairgy\/wp-json\/wp\/v2\/product\/18586","targetHints":{"allow":["GET"]}}],"collection":[{"href":"https:\/\/wefreelancer.in\/love\/thechairgy\/wp-json\/wp\/v2\/product"}],"about":[{"href":"https:\/\/wefreelancer.in\/love\/thechairgy\/wp-json\/wp\/v2\/types\/product"}],"wp:featuredmedia":[{"embeddable":true,"href":"https:\/\/wefreelancer.in\/love\/thechairgy\/wp-json\/wp\/v2\/media\/18587"}],"wp:attachment":[{"href":"https:\/\/wefreelancer.in\/love\/thechairgy\/wp-json\/wp\/v2\/media?parent=18586"}],"wp:term":[{"taxonomy":"product_brand","embeddable":true,"href":"https:\/\/wefreelancer.in\/love\/thechairgy\/wp-json\/wp\/v2\/product_brand?post=18586"},{"taxonomy":"product_cat","embeddable":true,"href":"https:\/\/wefreelancer.in\/love\/thechairgy\/wp-json\/wp\/v2\/product_cat?post=18586"},{"taxonomy":"product_tag","embeddable":true,"href":"https:\/\/wefreelancer.in\/love\/thechairgy\/wp-json\/wp\/v2\/product_tag?post=18586"}],"curies":[{"name":"wp","href":"https:\/\/api.w.org\/{rel}","templated":true}]}}