{"id":18592,"date":"2020-07-04T16:48:02","date_gmt":"2020-07-04T16:48:02","guid":{"rendered":"https:\/\/wefreelancer.in\/love\/thechairgy\/?post_type=product&#038;p=18592"},"modified":"2023-10-29T08:24:48","modified_gmt":"2023-10-29T08:24:48","slug":"moonlight-bridal-t890","status":"publish","type":"product","link":"https:\/\/wefreelancer.in\/love\/thechairgy\/shop\/unkategorisiert\/moonlight-bridal-t890\/","title":{"rendered":"Moonlight Bridal T890"},"content":{"rendered":"<div>\n<h2>Boho-Braut in Wei\u00df<\/h2>\n<p>Mit dem Kleid Moonlight Bridal T890 in A-Linie wird dein Gang zum Altar unvergesslich.<\/p>\n<p><span>Der tiefe V-Ausschnitt holt deine aufregende Seite zum Vorschein und wirkt gleichzeitig verspielt und verf\u00fchrerisch.<\/span><\/p>\n<p>Dieses Kleid ist \u00e4rmelfrei und sorgt f\u00fcr ein mond\u00e4nes und aufreizendes Auftreten.<\/p>\n<p>Qualit\u00e4t und Extravaganz ist das, was diese Marke ausmacht und dich an deinem Festtag hervorhebt. <\/p>\n<p>Trotz der kurzen Schleppe ist das Modell schick und malerisch &#8211; besonders beim Einzug zum Hochzeitsaltar oder wenn du beim Tanzen in den Armen deines Liebsten bist.<\/p>\n<p>Unbeschwert und doch stilvoll: Boho ist ein von der Natur inspiriertes Erscheinungsbild, wie geschaffen f\u00fcr die zeitgem\u00e4\u00dfe und unabh\u00e4ngige Braut.<\/p>\n<p>Das Kleid ist aus Makramee-Spitze und weist eine ganz besondere Kn\u00fcpftechnik aus. <\/p>\n<p>Besonders hervorheben m\u00f6chten wir, dass auch mit geringem Budget himmlische Modelle bei uns zur Verf\u00fcgung stehen &#8211; ohne, dass du auf Qualit\u00e4t und Glamour verzichten musst. <\/p>\n<p>Mit Qualit\u00e4tsbewusstsein f\u00fcr Materialvertr\u00e4glichkeit und Wohlbefinden &#8211; Jetzt anprobieren!<\/p>\n<\/div>\n","protected":false},"excerpt":{"rendered":"<p>Moonlight Bridal T890<\/p>\n","protected":false},"featured_media":18593,"template":"","meta":[],"product_brand":[],"product_cat":[541],"product_tag":[546,338,372,550,419,339,542,549,559,445,570,342,547,395,344,376,346,447,532,450,560,353,555],"class_list":{"0":"post-18592","1":"product","2":"type-product","3":"status-publish","4":"has-post-thumbnail","6":"product_cat-unkategorisiert","7":"product_tag-599-1200e","8":"product_tag-a-linie","9":"product_tag-ausschnitt-v","10":"product_tag-berlin-schonefeld","11":"product_tag-boho","12":"product_tag-boho-vintage","13":"product_tag-budget-599-1200e","14":"product_tag-kurze-schleppe","15":"product_tag-makrame","16":"product_tag-makramee","17":"product_tag-offen","18":"product_tag-ohne-armel","19":"product_tag-ohne-cutouts","20":"product_tag-rucken-boho-vintage","21":"product_tag-rucken-offen","22":"product_tag-rucken-tief","23":"product_tag-schleppe-kurz","24":"product_tag-schlicht","25":"product_tag-shop-berlin-schonefeld","26":"product_tag-standesamt","27":"product_tag-tief","28":"product_tag-tull","29":"product_tag-v-ausschnitt","31":"first","32":"instock","33":"sale","34":"sold-individually","35":"taxable","36":"shipping-taxable","37":"purchasable","38":"product-type-simple"},"brands":[],"_links":{"self":[{"href":"https:\/\/wefreelancer.in\/love\/thechairgy\/wp-json\/wp\/v2\/product\/18592","targetHints":{"allow":["GET"]}}],"collection":[{"href":"https:\/\/wefreelancer.in\/love\/thechairgy\/wp-json\/wp\/v2\/product"}],"about":[{"href":"https:\/\/wefreelancer.in\/love\/thechairgy\/wp-json\/wp\/v2\/types\/product"}],"wp:featuredmedia":[{"embeddable":true,"href":"https:\/\/wefreelancer.in\/love\/thechairgy\/wp-json\/wp\/v2\/media\/18593"}],"wp:attachment":[{"href":"https:\/\/wefreelancer.in\/love\/thechairgy\/wp-json\/wp\/v2\/media?parent=18592"}],"wp:term":[{"taxonomy":"product_brand","embeddable":true,"href":"https:\/\/wefreelancer.in\/love\/thechairgy\/wp-json\/wp\/v2\/product_brand?post=18592"},{"taxonomy":"product_cat","embeddable":true,"href":"https:\/\/wefreelancer.in\/love\/thechairgy\/wp-json\/wp\/v2\/product_cat?post=18592"},{"taxonomy":"product_tag","embeddable":true,"href":"https:\/\/wefreelancer.in\/love\/thechairgy\/wp-json\/wp\/v2\/product_tag?post=18592"}],"curies":[{"name":"wp","href":"https:\/\/api.w.org\/{rel}","templated":true}]}}