{"id":18603,"date":"2020-07-04T17:32:01","date_gmt":"2020-07-04T17:32:01","guid":{"rendered":"https:\/\/wefreelancer.in\/love\/thechairgy\/?post_type=product&#038;p=18603"},"modified":"2023-10-29T08:24:52","modified_gmt":"2023-10-29T08:24:52","slug":"moonlight-bridal-j6781","status":"publish","type":"product","link":"https:\/\/wefreelancer.in\/love\/thechairgy\/shop\/teaser-produkt\/moonlight-bridal-j6781\/","title":{"rendered":"Moonlight Bridal J6781"},"content":{"rendered":"<div>\n<h2>Trau dich &#8211; mit dem Hochzeitskleid in Spitze<\/h2>\n<p>Mit dem Kleid Moonlight Bridal J6781 in A-Linie wird dein Gang zum Hochzeitsaltar unvergesslich.<\/p>\n<p><span>Mit dem Rock aus T\u00fcll kannst du dich durch das anmutige Material nicht nur frei bewegen, sondern du hinterl\u00e4sst auch einen unvergesslichen Eindruck f\u00fcr diesen ganz besonderen Festtag. Die Blumen aus Spitze sind ein zus\u00e4tzliches Highlight.<\/span><\/p>\n<p>Dieser aufregende V-Ausschnitt ist optimal f\u00fcr eine Hochzeit bei hei\u00dfen Temperaturen. Dein Modell wird damit zum Blickfang auf deiner Sommerhochzeit.<\/p>\n<p>Besonders aufreizend wirkt das Kleid durch den \u00e4rmelfreien Schnitt, sodass du dich bequem und offen bewegen kannst.<\/p>\n<p><span>Mit der mittellangen Schleppe strahlst du Glanz und romantischen Charme aus. <\/span><\/p>\n<p>Die gef\u00fchlvollen Highlights dieser Brautkleider-Marke aus Europa sorgen f\u00fcr Glamour und Komfort &#8211; mit bester Beschaffenheit<\/p>\n<p><span>Dieses m\u00e4rchenhafte Modell ist gut geeignet, wenn du ein mittleres Budget f\u00fcr dein Brautkleid zur Verf\u00fcgung hast. Beachte bitte, dass wir den endg\u00fcltigen Preis des Kleides bei uns im Gesch\u00e4ft angeben. <\/span><\/p>\n<p><span>Wir freuen uns dich bei der Kleiderwahl zu unterst\u00fctzen und mit dir das Richtige zu finden &#8211; Damit euer Hochzeitstag in Erinnerung bleibt und ihr euch rundum wohl f\u00fchlt.<\/span><\/p>\n<\/div>\n","protected":false},"excerpt":{"rendered":"<p>Moonlight Bridal J6781<\/p>\n","protected":false},"featured_media":18604,"template":"","meta":[],"product_brand":[],"product_cat":[394],"product_tag":[569,338,372,557,419,340,551,374,558,570,342,547,375,395,344,376,378,347,350,560,353,555],"class_list":{"0":"post-18603","1":"product","2":"type-product","3":"status-publish","4":"has-post-thumbnail","6":"product_cat-teaser-produkt","7":"product_tag-1000-2000e","8":"product_tag-a-linie","9":"product_tag-ausschnitt-v","10":"product_tag-ballkleid-princess","11":"product_tag-boho","12":"product_tag-budget-1000-2000e","13":"product_tag-frankfurt-am-main","14":"product_tag-klassik","15":"product_tag-mittellange-schleppe","16":"product_tag-offen","17":"product_tag-ohne-armel","18":"product_tag-ohne-cutouts","19":"product_tag-princess","20":"product_tag-rucken-boho-vintage","21":"product_tag-rucken-offen","22":"product_tag-rucken-tief","23":"product_tag-schleppe-mittellang","24":"product_tag-shop-frankfurt-am-main","25":"product_tag-spitze","26":"product_tag-tief","27":"product_tag-tull","28":"product_tag-v-ausschnitt","30":"first","31":"instock","32":"sale","33":"sold-individually","34":"taxable","35":"shipping-taxable","36":"purchasable","37":"product-type-simple"},"brands":[],"_links":{"self":[{"href":"https:\/\/wefreelancer.in\/love\/thechairgy\/wp-json\/wp\/v2\/product\/18603","targetHints":{"allow":["GET"]}}],"collection":[{"href":"https:\/\/wefreelancer.in\/love\/thechairgy\/wp-json\/wp\/v2\/product"}],"about":[{"href":"https:\/\/wefreelancer.in\/love\/thechairgy\/wp-json\/wp\/v2\/types\/product"}],"wp:featuredmedia":[{"embeddable":true,"href":"https:\/\/wefreelancer.in\/love\/thechairgy\/wp-json\/wp\/v2\/media\/18604"}],"wp:attachment":[{"href":"https:\/\/wefreelancer.in\/love\/thechairgy\/wp-json\/wp\/v2\/media?parent=18603"}],"wp:term":[{"taxonomy":"product_brand","embeddable":true,"href":"https:\/\/wefreelancer.in\/love\/thechairgy\/wp-json\/wp\/v2\/product_brand?post=18603"},{"taxonomy":"product_cat","embeddable":true,"href":"https:\/\/wefreelancer.in\/love\/thechairgy\/wp-json\/wp\/v2\/product_cat?post=18603"},{"taxonomy":"product_tag","embeddable":true,"href":"https:\/\/wefreelancer.in\/love\/thechairgy\/wp-json\/wp\/v2\/product_tag?post=18603"}],"curies":[{"name":"wp","href":"https:\/\/api.w.org\/{rel}","templated":true}]}}