{"id":18607,"date":"2020-07-04T17:36:54","date_gmt":"2020-07-04T17:36:54","guid":{"rendered":"https:\/\/wefreelancer.in\/love\/thechairgy\/?post_type=product&#038;p=18607"},"modified":"2023-10-29T08:24:55","modified_gmt":"2023-10-29T08:24:55","slug":"moonlight-bridal-h1428","status":"publish","type":"product","link":"https:\/\/wefreelancer.in\/love\/thechairgy\/shop\/unkategorisiert\/moonlight-bridal-h1428\/","title":{"rendered":"Moonlight Bridal H1428"},"content":{"rendered":"<div>\n<h2>Himmlisch sch\u00f6nes Modell mit Spitze<\/h2>\n<p>Mit dem Kleid Moonlight Bridal H1428 in A-Linie wird dein Gang zum Hochzeitsaltar unvergesslich.<\/p>\n<p><span>Der tiefe V-Ausschnitt holt deine sinnliche Seite zum Vorschein und wirkt gleichzeitig verspielt und atemberaubend.<\/span><\/p>\n<p>Diese Kollektion r\u00fcckt dich in das Rampenlicht. Mit den feinen Details und der edlen Beschaffenheit ist auf dieses Kleid Verlass, sodass du dich einfach fallen lassen kannst. <\/p>\n<p>Ein bezauberndes Dress mit langer Schleppe &#8211; wie eine Prinzessin.<\/p>\n<p>Der grazil flie\u00dfende T\u00fcll-Rock sowie die feinen Blumen aus Spitze machen dieses Hochzeitskleid zu einem unvergesslichen Blickfang.<\/p>\n<p>F\u00fcr ein mittelgro\u00dfes Budget ist Moonlight Bridal H1428 genau das richtige Modell f\u00fcr dich. Mit feinen Nuancen, romantischen Spielereien und einmaliger Qualit\u00e4t l\u00e4sst das Kleid dich an diesem Festtag nicht im Stich, auch wenn es auf der Tanzfl\u00e4che vielleicht etwas wilder zugehen sollte.<\/p>\n<p>Mit Passion und Liebe bis ins kleinstem Element handgefertigt &#8211; Lass dich von diesem Sortiment \u00fcberzeugen.<\/p>\n<\/div>\n","protected":false},"excerpt":{"rendered":"<p>Moonlight Bridal H1428<\/p>\n","protected":false},"featured_media":18608,"template":"","meta":[],"product_brand":[],"product_cat":[541],"product_tag":[568,338,422,372,525,551,374,558,547,377,378,347,350,353,555],"class_list":{"0":"post-18607","1":"product","2":"type-product","3":"status-publish","4":"has-post-thumbnail","6":"product_cat-unkategorisiert","7":"product_tag-1800-2800e","8":"product_tag-a-linie","9":"product_tag-armelchen","10":"product_tag-ausschnitt-v","11":"product_tag-budget-1800-2800e","12":"product_tag-frankfurt-am-main","13":"product_tag-klassik","14":"product_tag-mittellange-schleppe","15":"product_tag-ohne-cutouts","16":"product_tag-rucken-v-ausschnitt","17":"product_tag-schleppe-mittellang","18":"product_tag-shop-frankfurt-am-main","19":"product_tag-spitze","20":"product_tag-tull","21":"product_tag-v-ausschnitt","23":"first","24":"instock","25":"sale","26":"sold-individually","27":"taxable","28":"shipping-taxable","29":"purchasable","30":"product-type-simple"},"brands":[],"_links":{"self":[{"href":"https:\/\/wefreelancer.in\/love\/thechairgy\/wp-json\/wp\/v2\/product\/18607","targetHints":{"allow":["GET"]}}],"collection":[{"href":"https:\/\/wefreelancer.in\/love\/thechairgy\/wp-json\/wp\/v2\/product"}],"about":[{"href":"https:\/\/wefreelancer.in\/love\/thechairgy\/wp-json\/wp\/v2\/types\/product"}],"wp:featuredmedia":[{"embeddable":true,"href":"https:\/\/wefreelancer.in\/love\/thechairgy\/wp-json\/wp\/v2\/media\/18608"}],"wp:attachment":[{"href":"https:\/\/wefreelancer.in\/love\/thechairgy\/wp-json\/wp\/v2\/media?parent=18607"}],"wp:term":[{"taxonomy":"product_brand","embeddable":true,"href":"https:\/\/wefreelancer.in\/love\/thechairgy\/wp-json\/wp\/v2\/product_brand?post=18607"},{"taxonomy":"product_cat","embeddable":true,"href":"https:\/\/wefreelancer.in\/love\/thechairgy\/wp-json\/wp\/v2\/product_cat?post=18607"},{"taxonomy":"product_tag","embeddable":true,"href":"https:\/\/wefreelancer.in\/love\/thechairgy\/wp-json\/wp\/v2\/product_tag?post=18607"}],"curies":[{"name":"wp","href":"https:\/\/api.w.org\/{rel}","templated":true}]}}