{"id":18611,"date":"2020-07-04T17:41:19","date_gmt":"2020-07-04T17:41:19","guid":{"rendered":"https:\/\/wefreelancer.in\/love\/thechairgy\/?post_type=product&#038;p=18611"},"modified":"2023-10-29T08:24:58","modified_gmt":"2023-10-29T08:24:58","slug":"moonlight-bridal-j6778","status":"publish","type":"product","link":"https:\/\/wefreelancer.in\/love\/thechairgy\/shop\/unkategorisiert\/moonlight-bridal-j6778\/","title":{"rendered":"Moonlight Bridal J6778"},"content":{"rendered":"<div>\n<h2>Trau dich &#8211; mit dem Brautkleid in Spitze<\/h2>\n<p>Wohlf\u00fchlen in A-Linie: Das Kleid Moonlight Bridal J6778 hinterl\u00e4sst einen bleibenden Eindruck f\u00fcr den sch\u00f6nsten Festtag eures Lebens.<\/p>\n<p><span>Mit dem Rock aus T\u00fcll kannst du dich durch das feine Material nicht nur frei bewegen, sondern du hinterl\u00e4sst auch einen unvergesslichen Eindruck f\u00fcr diesen ganz besonderen Tag. Die Blumen aus Spitze sind ein zus\u00e4tzliches Highlight.<\/span><\/p>\n<p>Die V-Cutouts sind ein besonderes Merkmal des Kleides, das dich an diesem unvergesslichen Tag begleitet. <\/p>\n<p>Dieses Modell ist \u00e4rmelfrei und sorgt f\u00fcr ein graziles und bet\u00f6rendes Auftreten.<\/p>\n<p>Mit dieser langen Schleppe wird dein Gang zum Hochzeitsaltar DAS Highlight eures unvergesslichen Festtages. <\/p>\n<p>Die romantischen Highlights dieser Brautkleider-Marke aus Europa sorgen f\u00fcr Glamour und Komfort &#8211; mit bester Beschaffenheit<\/p>\n<p><span>Dieses malerische Kleid ist gut geeignet, wenn du ein mittleres Budget f\u00fcr dein Hochzeitskleid zur Verf\u00fcgung hast. Beachte bitte, dass wir den finalen Preis des Modells bei uns im Gesch\u00e4ft angeben. <\/span><\/p>\n<p><span>Wir freuen uns dich bei der Kleiderwahl zu unterst\u00fctzen und mit dir das Richtige zu finden &#8211; Damit euer Hochzeitstag unvergessen bleibt und ihr euch rundum wohl f\u00fchlt.<\/span><\/p>\n<\/div>\n","protected":false},"excerpt":{"rendered":"<p>Moonlight Bridal J6778<\/p>\n","protected":false},"featured_media":18612,"template":"","meta":[],"product_brand":[],"product_cat":[541],"product_tag":[569,338,409,372,557,340,373,551,387,388,374,558,570,342,375,344,376,377,378,347,350,560,353,556,555],"class_list":{"0":"post-18611","1":"product","2":"type-product","3":"status-publish","4":"has-post-thumbnail","6":"product_cat-unkategorisiert","7":"product_tag-1000-2000e","8":"product_tag-a-linie","9":"product_tag-ausschnitt-tief","10":"product_tag-ausschnitt-v","11":"product_tag-ballkleid-princess","12":"product_tag-budget-1000-2000e","13":"product_tag-cutouts","14":"product_tag-frankfurt-am-main","15":"product_tag-glitzer","16":"product_tag-glitzer-tull","17":"product_tag-klassik","18":"product_tag-mittellange-schleppe","19":"product_tag-offen","20":"product_tag-ohne-armel","21":"product_tag-princess","22":"product_tag-rucken-offen","23":"product_tag-rucken-tief","24":"product_tag-rucken-v-ausschnitt","25":"product_tag-schleppe-mittellang","26":"product_tag-shop-frankfurt-am-main","27":"product_tag-spitze","28":"product_tag-tief","29":"product_tag-tull","30":"product_tag-v-cutouts","31":"product_tag-v-ausschnitt","33":"first","34":"instock","35":"sale","36":"sold-individually","37":"taxable","38":"shipping-taxable","39":"purchasable","40":"product-type-simple"},"brands":[],"_links":{"self":[{"href":"https:\/\/wefreelancer.in\/love\/thechairgy\/wp-json\/wp\/v2\/product\/18611","targetHints":{"allow":["GET"]}}],"collection":[{"href":"https:\/\/wefreelancer.in\/love\/thechairgy\/wp-json\/wp\/v2\/product"}],"about":[{"href":"https:\/\/wefreelancer.in\/love\/thechairgy\/wp-json\/wp\/v2\/types\/product"}],"wp:featuredmedia":[{"embeddable":true,"href":"https:\/\/wefreelancer.in\/love\/thechairgy\/wp-json\/wp\/v2\/media\/18612"}],"wp:attachment":[{"href":"https:\/\/wefreelancer.in\/love\/thechairgy\/wp-json\/wp\/v2\/media?parent=18611"}],"wp:term":[{"taxonomy":"product_brand","embeddable":true,"href":"https:\/\/wefreelancer.in\/love\/thechairgy\/wp-json\/wp\/v2\/product_brand?post=18611"},{"taxonomy":"product_cat","embeddable":true,"href":"https:\/\/wefreelancer.in\/love\/thechairgy\/wp-json\/wp\/v2\/product_cat?post=18611"},{"taxonomy":"product_tag","embeddable":true,"href":"https:\/\/wefreelancer.in\/love\/thechairgy\/wp-json\/wp\/v2\/product_tag?post=18611"}],"curies":[{"name":"wp","href":"https:\/\/api.w.org\/{rel}","templated":true}]}}