{"id":18615,"date":"2020-07-04T17:45:28","date_gmt":"2020-07-04T17:45:28","guid":{"rendered":"https:\/\/wefreelancer.in\/love\/thechairgy\/?post_type=product&#038;p=18615"},"modified":"2023-10-29T08:24:59","modified_gmt":"2023-10-29T08:24:59","slug":"moonlight-bridal-t888","status":"publish","type":"product","link":"https:\/\/wefreelancer.in\/love\/thechairgy\/shop\/unkategorisiert\/moonlight-bridal-t888\/","title":{"rendered":"Moonlight Bridal T888"},"content":{"rendered":"<div>\n<h2>Boho-Braut in Wei\u00df<\/h2>\n<p>Mit dem Kleid Moonlight Bridal T888 in A-Linie wird dein Gang zum Hochzeitsaltar unvergesslich.<\/p>\n<\/p>\n<p>Die au\u00dfergew\u00f6hnliche Kn\u00fcpftechnik der Makramee-Spitze macht das Kleid besonders.<\/p>\n<p>Das Besondere an dem Modell sind die Cutouts in V-Form, die dir ein bet\u00f6rendes Erscheinungsbild verleihen. <\/p>\n<p>Besonders sinnlich wirkt das Modell durch den \u00e4rmelfreien Schnitt, sodass du dich gel\u00f6st und offen bewegen kannst.<\/p>\n<p>Die Schleppe ist kurz und sorgt so f\u00fcr eine angenehme und freie Bewegung zu jedem Moment.<\/p>\n<p>Die romantischen Highlights dieser Brautkleider-Marke aus Europa sorgen f\u00fcr Glamour und Komfort &#8211; mit bester Beschaffenheit<\/p>\n<p>Besonders hervorheben m\u00f6chten wir, dass auch mit geringem Budget himmlische Kleider bei uns zur Verf\u00fcgung stehen &#8211; ohne, dass du auf Qualit\u00e4t und Glamour verzichten musst. <\/p>\n<p>Mit Qualit\u00e4tsbewusstsein f\u00fcr Materialvertr\u00e4glichkeit und Wohlbefinden &#8211; Jetzt anprobieren!<\/p>\n<\/div>\n","protected":false},"excerpt":{"rendered":"<p>Moonlight Bridal T888<\/p>\n","protected":false},"featured_media":18616,"template":"","meta":[],"product_brand":[],"product_cat":[541],"product_tag":[546,338,372,339,542,373,551,549,559,445,570,342,344,376,377,346,447,347,560,353,556,555],"class_list":{"0":"post-18615","1":"product","2":"type-product","3":"status-publish","4":"has-post-thumbnail","6":"product_cat-unkategorisiert","7":"product_tag-599-1200e","8":"product_tag-a-linie","9":"product_tag-ausschnitt-v","10":"product_tag-boho-vintage","11":"product_tag-budget-599-1200e","12":"product_tag-cutouts","13":"product_tag-frankfurt-am-main","14":"product_tag-kurze-schleppe","15":"product_tag-makrame","16":"product_tag-makramee","17":"product_tag-offen","18":"product_tag-ohne-armel","19":"product_tag-rucken-offen","20":"product_tag-rucken-tief","21":"product_tag-rucken-v-ausschnitt","22":"product_tag-schleppe-kurz","23":"product_tag-schlicht","24":"product_tag-shop-frankfurt-am-main","25":"product_tag-tief","26":"product_tag-tull","27":"product_tag-v-cutouts","28":"product_tag-v-ausschnitt","30":"first","31":"instock","32":"sale","33":"sold-individually","34":"taxable","35":"shipping-taxable","36":"purchasable","37":"product-type-simple"},"brands":[],"_links":{"self":[{"href":"https:\/\/wefreelancer.in\/love\/thechairgy\/wp-json\/wp\/v2\/product\/18615","targetHints":{"allow":["GET"]}}],"collection":[{"href":"https:\/\/wefreelancer.in\/love\/thechairgy\/wp-json\/wp\/v2\/product"}],"about":[{"href":"https:\/\/wefreelancer.in\/love\/thechairgy\/wp-json\/wp\/v2\/types\/product"}],"wp:featuredmedia":[{"embeddable":true,"href":"https:\/\/wefreelancer.in\/love\/thechairgy\/wp-json\/wp\/v2\/media\/18616"}],"wp:attachment":[{"href":"https:\/\/wefreelancer.in\/love\/thechairgy\/wp-json\/wp\/v2\/media?parent=18615"}],"wp:term":[{"taxonomy":"product_brand","embeddable":true,"href":"https:\/\/wefreelancer.in\/love\/thechairgy\/wp-json\/wp\/v2\/product_brand?post=18615"},{"taxonomy":"product_cat","embeddable":true,"href":"https:\/\/wefreelancer.in\/love\/thechairgy\/wp-json\/wp\/v2\/product_cat?post=18615"},{"taxonomy":"product_tag","embeddable":true,"href":"https:\/\/wefreelancer.in\/love\/thechairgy\/wp-json\/wp\/v2\/product_tag?post=18615"}],"curies":[{"name":"wp","href":"https:\/\/api.w.org\/{rel}","templated":true}]}}