{"id":18899,"date":"2020-07-17T16:46:16","date_gmt":"2020-07-17T16:46:16","guid":{"rendered":"https:\/\/wefreelancer.in\/love\/thechairgy\/?post_type=product&#038;p=18899"},"modified":"2023-10-29T08:25:17","modified_gmt":"2023-10-29T08:25:17","slug":"essense-of-australia-d3066","status":"publish","type":"product","link":"https:\/\/wefreelancer.in\/love\/thechairgy\/shop\/shop\/stile\/fit-and-flare\/essense-of-australia-d3066\/","title":{"rendered":"Essense of Australia D3066"},"content":{"rendered":"<div>\n<h2>Trau dich &#8211; mit dem Hochzeitskleid in Spitze<\/h2>\n<p>Einfach \u00fcberw\u00e4ltigend: Dieses Brautkleid Essense of Australia D3066 ist genau das Richtige f\u00fcr die Braut, die von einem glamour\u00f6sen Auftritt auf ihrer Hochzeit tr\u00e4umt.<\/p>\n<p>Mit der Fit &amp; Flaire-Form ist dein Erscheinungsbild unwiderstehlich und sexy. <\/p>\n<p><span>Mit dem Rock aus T\u00fcll kannst du dich durch das filigrane Material nicht nur frei bewegen, sondern du hinterl\u00e4sst auch einen unvergesslichen Eindruck f\u00fcr diesen ganz besonderen Festtag. Die Blumen aus Spitze sind ein zus\u00e4tzliches Highlight.<\/span><\/p>\n<p>Sehr reizvoll und attraktiv sind die Cutouts in V-Form. <\/p>\n<p>Dieses Kleid ist \u00e4rmelfrei und sorgt f\u00fcr ein mond\u00e4nes und bet\u00f6rendes Auftreten.<\/p>\n<p><span>Mit der mittellangen Schleppe strahlst du Glanz und romantischen Charme aus. <\/span><\/p>\n<p>Das Hochzeitskleid aus dem Hause Essense of Australia umschmeichelt dich mit besonderem Flair. Strahle wie ein funkelnder Stern am Horizont f\u00fcr Deinen Liebsten!<\/p>\n<p><span>Die dargestellen Preisangaben stellen unverbindliche Preisspannen dar. Finale Endpreise geben wir aus Wettbewerbsgr\u00fcnden nur vor Ort im Gesch\u00e4ft an. F\u00fcr den bestm\u00f6glichen Service weisen wir darauf hin, dass die Artikel nicht online gekauft werden k\u00f6nnen, sondern ausschlie\u00dflich vor Ort in unseren Gesch\u00e4ften.<\/span><\/p>\n<p>Wir sorgen mit dem Modell der Marke Essense of Australia f\u00fcr ein herausstechendes Erlebnis &#8211; f\u00fcr einen Moment, der f\u00fcr immer w\u00e4hrt. <\/p>\n<\/div>\n","protected":false},"excerpt":{"rendered":"<p>Essense of Australia D3066 &#8211; Funkelndes Fit and Flare Brautkleid mit seitlichen Cutouts<\/p>\n","protected":false},"featured_media":18900,"template":"","meta":[],"product_brand":[],"product_cat":[397,398,393,333,399,394],"product_tag":[569,409,372,340,373,400,401,551,374,552,558,570,342,344,376,377,378,402,347,348,349,350,560,353,556,555,554],"class_list":{"0":"post-18899","1":"product","2":"type-product","3":"status-publish","4":"has-post-thumbnail","6":"product_cat-essense-of-australia","7":"product_cat-fit-and-flare","8":"product_cat-highlights","9":"product_cat-sale","10":"product_cat-sexy","11":"product_cat-teaser-produkt","12":"product_tag-1000-2000e","13":"product_tag-ausschnitt-tief","14":"product_tag-ausschnitt-v","15":"product_tag-budget-1000-2000e","16":"product_tag-cutouts","17":"product_tag-essense-of-australia","18":"product_tag-fit-and-flare","19":"product_tag-frankfurt-am-main","20":"product_tag-klassik","21":"product_tag-koln-hurth","22":"product_tag-mittellange-schleppe","23":"product_tag-offen","24":"product_tag-ohne-armel","25":"product_tag-rucken-offen","26":"product_tag-rucken-tief","27":"product_tag-rucken-v-ausschnitt","28":"product_tag-schleppe-mittellang","29":"product_tag-sexy","30":"product_tag-shop-frankfurt-am-main","31":"product_tag-shop-koln-hurth","32":"product_tag-shop-wiesbaden","33":"product_tag-spitze","34":"product_tag-tief","35":"product_tag-tull","36":"product_tag-v-cutouts","37":"product_tag-v-ausschnitt","38":"product_tag-wiesbaden","40":"first","41":"instock","42":"sold-individually","43":"taxable","44":"shipping-taxable","45":"purchasable","46":"product-type-simple"},"brands":[],"_links":{"self":[{"href":"https:\/\/wefreelancer.in\/love\/thechairgy\/wp-json\/wp\/v2\/product\/18899","targetHints":{"allow":["GET"]}}],"collection":[{"href":"https:\/\/wefreelancer.in\/love\/thechairgy\/wp-json\/wp\/v2\/product"}],"about":[{"href":"https:\/\/wefreelancer.in\/love\/thechairgy\/wp-json\/wp\/v2\/types\/product"}],"wp:featuredmedia":[{"embeddable":true,"href":"https:\/\/wefreelancer.in\/love\/thechairgy\/wp-json\/wp\/v2\/media\/18900"}],"wp:attachment":[{"href":"https:\/\/wefreelancer.in\/love\/thechairgy\/wp-json\/wp\/v2\/media?parent=18899"}],"wp:term":[{"taxonomy":"product_brand","embeddable":true,"href":"https:\/\/wefreelancer.in\/love\/thechairgy\/wp-json\/wp\/v2\/product_brand?post=18899"},{"taxonomy":"product_cat","embeddable":true,"href":"https:\/\/wefreelancer.in\/love\/thechairgy\/wp-json\/wp\/v2\/product_cat?post=18899"},{"taxonomy":"product_tag","embeddable":true,"href":"https:\/\/wefreelancer.in\/love\/thechairgy\/wp-json\/wp\/v2\/product_tag?post=18899"}],"curies":[{"name":"wp","href":"https:\/\/api.w.org\/{rel}","templated":true}]}}